{"id":6844,"date":"2026-04-27T17:12:37","date_gmt":"2026-04-27T15:12:37","guid":{"rendered":"https:\/\/mkvplast.pl\/?post_type=product&#038;p=6844"},"modified":"2026-04-27T17:12:37","modified_gmt":"2026-04-27T15:12:37","slug":"zaciag-tworzywa-simar-fx-2504-z-dozownikiem-barwnika-simar-fdx-2","status":"publish","type":"product","link":"https:\/\/mkvplast.pl\/index.php\/product\/zaciag-tworzywa-simar-fx-2504-z-dozownikiem-barwnika-simar-fdx-2\/","title":{"rendered":"Zaci\u0105g tworzywa Simar FX 2504 z dozownikiem barwnika Simar FDX-2"},"content":{"rendered":"<h5><strong>Zaci\u0105g tworzywa Simar FX 2504<\/strong><br \/>\n<strong>Moc silnika: 1,1 kW (silnik szczotkowy)<\/strong><br \/>\n<strong>Zasilanie: 230 V \/ 50 Hz<\/strong><br \/>\n<strong>Pojemno\u015b\u0107 zbiornika: ok. 5 litr\u00f3w<\/strong><br \/>\n<strong>Wydajno\u015b\u0107 transportu: ok. 150 \u2013 200 kg\/h (w zale\u017cno\u015bci od materia\u0142u)<\/strong><br \/>\n<strong>Maks. odleg\u0142o\u015b\u0107 transportu: ok. 15 \u2013 20 metr\u00f3w<\/strong><br \/>\n<strong>\u015arednica rury\/w\u0119\u017ca: 38 mm (DN 38)<\/strong><br \/>\n<strong>Materia\u0142 korpusu: Stal nierdzewna polerowana<\/strong><\/h5>\n<h5><strong>Dozownik barwnika Simar FDX-2<\/strong><br \/>\n<strong>Typ nap\u0119du: Silnik krokowy (wysoka powtarzalno\u015b\u0107 obrot\u00f3w)<\/strong><br \/>\n<strong>Zasilanie: 230 V \/ 50 Hz<\/strong><br \/>\n<strong>Pr\u0119dko\u015b\u0107 obrotowa: Regulowana p\u0142ynnie (zale\u017cnie od sterownika, zazwyczaj 0,1 \u2013 200 obr.\/min)<\/strong><br \/>\n<strong>Pojemno\u015b\u0107 zasobnika na barwnik: ok. 5 \u2013 10 litr\u00f3w<\/strong><br \/>\n<strong>Cena zestawu netto: 4500 z\u0142<\/strong><\/h5>\n","protected":false},"excerpt":{"rendered":"<p>Zaci\u0105g tworzywa Simar FX 2504 Moc silnika: 1,1 kW (silnik szczotkowy) Zasilanie: 230 V \/ 50 Hz Pojemno\u015b\u0107 zbiornika: ok. 5 litr\u00f3w Wydajno\u015b\u0107 transportu: ok. 150 \u2013 200 kg\/h (w zale\u017cno\u015bci od materia\u0142u) Maks. odleg\u0142o\u015b\u0107 transportu: ok. 15 \u2013 20 metr\u00f3w \u015arednica rury\/w\u0119\u017ca: 38 mm (DN 38) Materia\u0142 korpusu: Stal [&hellip;]<\/p>\n","protected":false},"featured_media":6857,"template":"","meta":[],"product_brand":[],"product_cat":[40,29,21],"product_tag":[],"class_list":{"0":"post-6844","1":"product","2":"type-product","3":"status-publish","4":"has-post-thumbnail","6":"product_cat-dozowniki-barwnika","7":"product_cat-podajniki-tworzywa","8":"product_cat-urzadzenia","10":"first","11":"instock","12":"shipping-taxable","13":"product-type-simple"},"_links":{"self":[{"href":"https:\/\/mkvplast.pl\/index.php\/wp-json\/wp\/v2\/product\/6844","targetHints":{"allow":["GET"]}}],"collection":[{"href":"https:\/\/mkvplast.pl\/index.php\/wp-json\/wp\/v2\/product"}],"about":[{"href":"https:\/\/mkvplast.pl\/index.php\/wp-json\/wp\/v2\/types\/product"}],"wp:featuredmedia":[{"embeddable":true,"href":"https:\/\/mkvplast.pl\/index.php\/wp-json\/wp\/v2\/media\/6857"}],"wp:attachment":[{"href":"https:\/\/mkvplast.pl\/index.php\/wp-json\/wp\/v2\/media?parent=6844"}],"wp:term":[{"taxonomy":"product_brand","embeddable":true,"href":"https:\/\/mkvplast.pl\/index.php\/wp-json\/wp\/v2\/product_brand?post=6844"},{"taxonomy":"product_cat","embeddable":true,"href":"https:\/\/mkvplast.pl\/index.php\/wp-json\/wp\/v2\/product_cat?post=6844"},{"taxonomy":"product_tag","embeddable":true,"href":"https:\/\/mkvplast.pl\/index.php\/wp-json\/wp\/v2\/product_tag?post=6844"}],"curies":[{"name":"wp","href":"https:\/\/api.w.org\/{rel}","templated":true}]}}