{"id":6824,"date":"2026-04-27T16:43:25","date_gmt":"2026-04-27T14:43:25","guid":{"rendered":"https:\/\/mkvplast.pl\/?post_type=product&#038;p=6824"},"modified":"2026-04-27T16:43:25","modified_gmt":"2026-04-27T14:43:25","slug":"zaciag-tworzywa-simar-fx-2004-z-dozownikiem-barwnika-simar-fdx-2-dwa-zestawy","status":"publish","type":"product","link":"https:\/\/mkvplast.pl\/index.php\/product\/zaciag-tworzywa-simar-fx-2004-z-dozownikiem-barwnika-simar-fdx-2-dwa-zestawy\/","title":{"rendered":"Zaci\u0105g tworzywa Simar FX 2004 z dozownikiem barwnika Simar FDX-2 &#8211; dwa zestawy"},"content":{"rendered":"<h5><strong>Zaci\u0105g ptworzywa Simar FX 2004<\/strong><br \/>\n<strong>Moc silnika: ok. 0,9 \u2013 1,1 kW (silnik szczotkowy)<\/strong><br \/>\n<strong>Zasilanie: 230 V \/ 50 Hz<\/strong><br \/>\n<strong>Pojemno\u015b\u0107 zbiornika: ok. 3 \u2013 4 litry<\/strong><br \/>\n<strong>Wydajno\u015b\u0107 transportu: ok. 60 \u2013 100 kg\/h<\/strong><br \/>\n<strong>\u015arednica przy\u0142\u0105cza w\u0119\u017ca: 38 mm (standard)<\/strong><br \/>\n<strong>Filtracja: Wk\u0142ad poliestrowy z automatycznym czyszczeniem<\/strong><\/h5>\n<h5><strong>Dozownik barwnika Simar FDX-2<\/strong><br \/>\n<strong>Typ nap\u0119du: Silnik krokowy (wysoka powtarzalno\u015b\u0107 obrot\u00f3w)<\/strong><br \/>\n<strong>Zasilanie: 230 V \/ 50 Hz<\/strong><br \/>\n<strong>Pr\u0119dko\u015b\u0107 obrotowa: Regulowana p\u0142ynnie (zale\u017cnie od sterownika, zazwyczaj 0,1 \u2013 200 obr.\/min)<\/strong><br \/>\n<strong>Pojemno\u015b\u0107 zasobnika na barwnik: ok. 5 \u2013 10 litr\u00f3w<\/strong><br \/>\n<strong>Cena zestawu netto: 4000 z\u0142 \/ zestaw<\/strong><\/h5>\n","protected":false},"excerpt":{"rendered":"<p>Zaci\u0105g ptworzywa Simar FX 2004 Moc silnika: ok. 0,9 \u2013 1,1 kW (silnik szczotkowy) Zasilanie: 230 V \/ 50 Hz Pojemno\u015b\u0107 zbiornika: ok. 3 \u2013 4 litry Wydajno\u015b\u0107 transportu: ok. 60 \u2013 100 kg\/h \u015arednica przy\u0142\u0105cza w\u0119\u017ca: 38 mm (standard) Filtracja: Wk\u0142ad poliestrowy z automatycznym czyszczeniem Dozownik barwnika Simar FDX-2 [&hellip;]<\/p>\n","protected":false},"featured_media":6827,"template":"","meta":[],"product_brand":[],"product_cat":[40,29,21],"product_tag":[],"class_list":{"0":"post-6824","1":"product","2":"type-product","3":"status-publish","4":"has-post-thumbnail","6":"product_cat-dozowniki-barwnika","7":"product_cat-podajniki-tworzywa","8":"product_cat-urzadzenia","10":"first","11":"instock","12":"shipping-taxable","13":"product-type-simple"},"_links":{"self":[{"href":"https:\/\/mkvplast.pl\/index.php\/wp-json\/wp\/v2\/product\/6824","targetHints":{"allow":["GET"]}}],"collection":[{"href":"https:\/\/mkvplast.pl\/index.php\/wp-json\/wp\/v2\/product"}],"about":[{"href":"https:\/\/mkvplast.pl\/index.php\/wp-json\/wp\/v2\/types\/product"}],"wp:featuredmedia":[{"embeddable":true,"href":"https:\/\/mkvplast.pl\/index.php\/wp-json\/wp\/v2\/media\/6827"}],"wp:attachment":[{"href":"https:\/\/mkvplast.pl\/index.php\/wp-json\/wp\/v2\/media?parent=6824"}],"wp:term":[{"taxonomy":"product_brand","embeddable":true,"href":"https:\/\/mkvplast.pl\/index.php\/wp-json\/wp\/v2\/product_brand?post=6824"},{"taxonomy":"product_cat","embeddable":true,"href":"https:\/\/mkvplast.pl\/index.php\/wp-json\/wp\/v2\/product_cat?post=6824"},{"taxonomy":"product_tag","embeddable":true,"href":"https:\/\/mkvplast.pl\/index.php\/wp-json\/wp\/v2\/product_tag?post=6824"}],"curies":[{"name":"wp","href":"https:\/\/api.w.org\/{rel}","templated":true}]}}