{"id":6816,"date":"2026-04-27T16:13:17","date_gmt":"2026-04-27T14:13:17","guid":{"rendered":"https:\/\/mkvplast.pl\/?post_type=product&#038;p=6816"},"modified":"2026-04-27T16:13:17","modified_gmt":"2026-04-27T14:13:17","slug":"zaciag-tworzywa-simar-fx-2504-moc-11-kw","status":"publish","type":"product","link":"https:\/\/mkvplast.pl\/index.php\/product\/zaciag-tworzywa-simar-fx-2504-moc-11-kw\/","title":{"rendered":"Zaci\u0105g tworzywa Simar FX 2504 moc 1,1 kW"},"content":{"rendered":"<h5><strong>Moc silnika: 1,1 kW (silnik szczotkowy)<\/strong><br \/>\n<strong>Zasilanie: 230 V \/ 50 Hz<\/strong><br \/>\n<strong>Pojemno\u015b\u0107 zbiornika: ok. 5 litr\u00f3w<\/strong><br \/>\n<strong>Wydajno\u015b\u0107 transportu: ok. 150 \u2013 200 kg\/h (w zale\u017cno\u015bci od materia\u0142u)<\/strong><br \/>\n<strong>Maks. odleg\u0142o\u015b\u0107 transportu: ok. 15 \u2013 20 metr\u00f3w<\/strong><br \/>\n<strong>\u015arednica rury\/w\u0119\u017ca: 38 mm (DN 38)<\/strong><br \/>\n<strong>Materia\u0142 korpusu: Stal nierdzewna polerowana<\/strong><br \/>\n<strong>Cena netto: 2500 z\u0142<\/strong><\/h5>\n","protected":false},"excerpt":{"rendered":"<p>Moc silnika: 1,1 kW (silnik szczotkowy) Zasilanie: 230 V \/ 50 Hz Pojemno\u015b\u0107 zbiornika: ok. 5 litr\u00f3w Wydajno\u015b\u0107 transportu: ok. 150 \u2013 200 kg\/h (w zale\u017cno\u015bci od materia\u0142u) Maks. odleg\u0142o\u015b\u0107 transportu: ok. 15 \u2013 20 metr\u00f3w \u015arednica rury\/w\u0119\u017ca: 38 mm (DN 38) Materia\u0142 korpusu: Stal nierdzewna polerowana Cena netto: 2500 [&hellip;]<\/p>\n","protected":false},"featured_media":6817,"template":"","meta":[],"product_brand":[],"product_cat":[29,21],"product_tag":[],"class_list":{"0":"post-6816","1":"product","2":"type-product","3":"status-publish","4":"has-post-thumbnail","6":"product_cat-podajniki-tworzywa","7":"product_cat-urzadzenia","9":"first","10":"instock","11":"shipping-taxable","12":"product-type-simple"},"_links":{"self":[{"href":"https:\/\/mkvplast.pl\/index.php\/wp-json\/wp\/v2\/product\/6816","targetHints":{"allow":["GET"]}}],"collection":[{"href":"https:\/\/mkvplast.pl\/index.php\/wp-json\/wp\/v2\/product"}],"about":[{"href":"https:\/\/mkvplast.pl\/index.php\/wp-json\/wp\/v2\/types\/product"}],"wp:featuredmedia":[{"embeddable":true,"href":"https:\/\/mkvplast.pl\/index.php\/wp-json\/wp\/v2\/media\/6817"}],"wp:attachment":[{"href":"https:\/\/mkvplast.pl\/index.php\/wp-json\/wp\/v2\/media?parent=6816"}],"wp:term":[{"taxonomy":"product_brand","embeddable":true,"href":"https:\/\/mkvplast.pl\/index.php\/wp-json\/wp\/v2\/product_brand?post=6816"},{"taxonomy":"product_cat","embeddable":true,"href":"https:\/\/mkvplast.pl\/index.php\/wp-json\/wp\/v2\/product_cat?post=6816"},{"taxonomy":"product_tag","embeddable":true,"href":"https:\/\/mkvplast.pl\/index.php\/wp-json\/wp\/v2\/product_tag?post=6816"}],"curies":[{"name":"wp","href":"https:\/\/api.w.org\/{rel}","templated":true}]}}