{"id":6804,"date":"2026-04-27T15:42:19","date_gmt":"2026-04-27T13:42:19","guid":{"rendered":"https:\/\/mkvplast.pl\/?post_type=product&#038;p=6804"},"modified":"2026-04-27T15:42:19","modified_gmt":"2026-04-27T13:42:19","slug":"zaciag-tworzywa-simar-fn-2003-3-sztuki","status":"publish","type":"product","link":"https:\/\/mkvplast.pl\/index.php\/product\/zaciag-tworzywa-simar-fn-2003-3-sztuki\/","title":{"rendered":"Zaci\u0105g tworzywa Simar FN 2003 &#8211; 3 sztuki"},"content":{"rendered":"<h5><strong>Typ silnika: Jednofazowy (silnik szczotkowy \/ dmuchawa podci\u015bnieniowa)<\/strong><br \/>\n<strong>Moc silnika: ok. 1,0 \u2013 1,1 kW<\/strong><br \/>\n<strong>Zasilanie: 230 V \/ 50 Hz<\/strong><br \/>\n<strong>Pojemno\u015b\u0107 zbiornika: ok. 3 litr\u00f3w<\/strong><br \/>\n<strong>Wydajno\u015b\u0107 transportu: do ok. 100 kg\/h (zale\u017cnie od g\u0119sto\u015bci nasypowej materia\u0142u oraz d\u0142ugo\u015bci w\u0119\u017ca)<\/strong><br \/>\n<strong>\u015arednica przy\u0142\u0105cza w\u0119\u017ca: DN 38 (standard)<\/strong><br \/>\n<strong>Materia\u0142 korpusu: Stal nierdzewna (V2A)<\/strong><br \/>\n<strong>Sterowanie: Mikroprocesorowe, programowalny czas zaci\u0105gania i czyszczenia filtra<\/strong><br \/>\n<strong>Dost\u0119pne 3 sztuki<\/strong><br \/>\n<strong>Cena netto: 2000 z\u0142 \/ sztuka <\/strong><\/h5>\n","protected":false},"excerpt":{"rendered":"<p>Typ silnika: Jednofazowy (silnik szczotkowy \/ dmuchawa podci\u015bnieniowa) Moc silnika: ok. 1,0 \u2013 1,1 kW Zasilanie: 230 V \/ 50 Hz Pojemno\u015b\u0107 zbiornika: ok. 3 litr\u00f3w Wydajno\u015b\u0107 transportu: do ok. 100 kg\/h (zale\u017cnie od g\u0119sto\u015bci nasypowej materia\u0142u oraz d\u0142ugo\u015bci w\u0119\u017ca) \u015arednica przy\u0142\u0105cza w\u0119\u017ca: DN 38 (standard) Materia\u0142 korpusu: Stal nierdzewna [&hellip;]<\/p>\n","protected":false},"featured_media":6815,"template":"","meta":[],"product_brand":[],"product_cat":[29,21],"product_tag":[],"class_list":{"0":"post-6804","1":"product","2":"type-product","3":"status-publish","4":"has-post-thumbnail","6":"product_cat-podajniki-tworzywa","7":"product_cat-urzadzenia","9":"first","10":"instock","11":"shipping-taxable","12":"product-type-simple"},"_links":{"self":[{"href":"https:\/\/mkvplast.pl\/index.php\/wp-json\/wp\/v2\/product\/6804","targetHints":{"allow":["GET"]}}],"collection":[{"href":"https:\/\/mkvplast.pl\/index.php\/wp-json\/wp\/v2\/product"}],"about":[{"href":"https:\/\/mkvplast.pl\/index.php\/wp-json\/wp\/v2\/types\/product"}],"wp:featuredmedia":[{"embeddable":true,"href":"https:\/\/mkvplast.pl\/index.php\/wp-json\/wp\/v2\/media\/6815"}],"wp:attachment":[{"href":"https:\/\/mkvplast.pl\/index.php\/wp-json\/wp\/v2\/media?parent=6804"}],"wp:term":[{"taxonomy":"product_brand","embeddable":true,"href":"https:\/\/mkvplast.pl\/index.php\/wp-json\/wp\/v2\/product_brand?post=6804"},{"taxonomy":"product_cat","embeddable":true,"href":"https:\/\/mkvplast.pl\/index.php\/wp-json\/wp\/v2\/product_cat?post=6804"},{"taxonomy":"product_tag","embeddable":true,"href":"https:\/\/mkvplast.pl\/index.php\/wp-json\/wp\/v2\/product_tag?post=6804"}],"curies":[{"name":"wp","href":"https:\/\/api.w.org\/{rel}","templated":true}]}}