{"id":6710,"date":"2026-04-15T18:51:52","date_gmt":"2026-04-15T16:51:52","guid":{"rendered":"https:\/\/mkvplast.pl\/?post_type=product&#038;p=6710"},"modified":"2026-04-15T18:51:52","modified_gmt":"2026-04-15T16:51:52","slug":"tasmociag-prosty-schuma-250-x-30-cm-dostawiany-do-maszyny","status":"publish","type":"product","link":"https:\/\/mkvplast.pl\/index.php\/product\/tasmociag-prosty-schuma-250-x-30-cm-dostawiany-do-maszyny\/","title":{"rendered":"Ta\u015bmoci\u0105g prosty SCHUMA 250 x 30 cm dostawiany do maszyny"},"content":{"rendered":"<h5><strong>D\u0142ugo\u015b\u0107 250 cm<\/strong><br \/>\n<strong>Szeroko\u015b\u0107 30 cm<\/strong><br \/>\n<strong>Wysoko\u015b\u0107 zabierak\u00f3w 1,5 cm<\/strong><br \/>\n<strong>Regulowana wysoko\u015b\u0107 ta\u015bmoci\u0105gu<\/strong><br \/>\n<strong>Dost\u0119pnych 7 sztuk<\/strong><br \/>\n<strong>Cena netto: 3500 z\u0142 za sztuk\u0119<\/strong><\/h5>\n","protected":false},"excerpt":{"rendered":"<p>D\u0142ugo\u015b\u0107 250 cm Szeroko\u015b\u0107 30 cm Wysoko\u015b\u0107 zabierak\u00f3w 1,5 cm Regulowana wysoko\u015b\u0107 ta\u015bmoci\u0105gu Dost\u0119pnych 7 sztuk Cena netto: 3500 z\u0142 za sztuk\u0119<\/p>\n","protected":false},"featured_media":6715,"template":"","meta":[],"product_brand":[],"product_cat":[28,21],"product_tag":[],"class_list":{"0":"post-6710","1":"product","2":"type-product","3":"status-publish","4":"has-post-thumbnail","6":"product_cat-tasmociagi","7":"product_cat-urzadzenia","9":"first","10":"instock","11":"shipping-taxable","12":"product-type-simple"},"_links":{"self":[{"href":"https:\/\/mkvplast.pl\/index.php\/wp-json\/wp\/v2\/product\/6710","targetHints":{"allow":["GET"]}}],"collection":[{"href":"https:\/\/mkvplast.pl\/index.php\/wp-json\/wp\/v2\/product"}],"about":[{"href":"https:\/\/mkvplast.pl\/index.php\/wp-json\/wp\/v2\/types\/product"}],"wp:featuredmedia":[{"embeddable":true,"href":"https:\/\/mkvplast.pl\/index.php\/wp-json\/wp\/v2\/media\/6715"}],"wp:attachment":[{"href":"https:\/\/mkvplast.pl\/index.php\/wp-json\/wp\/v2\/media?parent=6710"}],"wp:term":[{"taxonomy":"product_brand","embeddable":true,"href":"https:\/\/mkvplast.pl\/index.php\/wp-json\/wp\/v2\/product_brand?post=6710"},{"taxonomy":"product_cat","embeddable":true,"href":"https:\/\/mkvplast.pl\/index.php\/wp-json\/wp\/v2\/product_cat?post=6710"},{"taxonomy":"product_tag","embeddable":true,"href":"https:\/\/mkvplast.pl\/index.php\/wp-json\/wp\/v2\/product_tag?post=6710"}],"curies":[{"name":"wp","href":"https:\/\/api.w.org\/{rel}","templated":true}]}}