{"id":6579,"date":"2026-04-07T16:10:39","date_gmt":"2026-04-07T14:10:39","guid":{"rendered":"https:\/\/mkvplast.pl\/?post_type=product&#038;p=6579"},"modified":"2026-04-11T14:38:14","modified_gmt":"2026-04-11T12:38:14","slug":"tasmociag-lamany-l-140-130-x-30-cm","status":"publish","type":"product","link":"https:\/\/mkvplast.pl\/index.php\/product\/tasmociag-lamany-l-140-130-x-30-cm\/","title":{"rendered":"Ta\u015bmoci\u0105g \u0142amany L 140\/130 x 30 cm"},"content":{"rendered":"<h5><strong>D\u0142ugo\u015b\u0107 ca\u0142kowita 270 cm<\/strong><br \/>\n<strong>D\u0142ugo\u015b\u0107 cz\u0119\u015bci sko\u015bnej 130 cm<\/strong><br \/>\n<strong>D\u0142ugo\u015b\u0107 cz\u0119\u015bci dolnej 140 cm<\/strong><br \/>\n<strong>Szeroko\u015b\u0107 30 cm<\/strong><br \/>\n<strong>Regulowana wysoko\u015b\u0107 i k\u0105t nachylenia ta\u015bmoci\u0105gu<\/strong><br \/>\n<strong>Cena netto: 2000 z\u0142<\/strong><\/h5>\n","protected":false},"excerpt":{"rendered":"<p>D\u0142ugo\u015b\u0107 ca\u0142kowita 270 cm D\u0142ugo\u015b\u0107 cz\u0119\u015bci sko\u015bnej 130 cm D\u0142ugo\u015b\u0107 cz\u0119\u015bci dolnej 140 cm Szeroko\u015b\u0107 30 cm Regulowana wysoko\u015b\u0107 i k\u0105t nachylenia ta\u015bmoci\u0105gu Cena netto: 2000 z\u0142<\/p>\n","protected":false},"featured_media":6585,"template":"","meta":[],"product_brand":[],"product_cat":[28,21],"product_tag":[],"class_list":{"0":"post-6579","1":"product","2":"type-product","3":"status-publish","4":"has-post-thumbnail","6":"product_cat-tasmociagi","7":"product_cat-urzadzenia","9":"first","10":"instock","11":"shipping-taxable","12":"product-type-simple"},"_links":{"self":[{"href":"https:\/\/mkvplast.pl\/index.php\/wp-json\/wp\/v2\/product\/6579","targetHints":{"allow":["GET"]}}],"collection":[{"href":"https:\/\/mkvplast.pl\/index.php\/wp-json\/wp\/v2\/product"}],"about":[{"href":"https:\/\/mkvplast.pl\/index.php\/wp-json\/wp\/v2\/types\/product"}],"wp:featuredmedia":[{"embeddable":true,"href":"https:\/\/mkvplast.pl\/index.php\/wp-json\/wp\/v2\/media\/6585"}],"wp:attachment":[{"href":"https:\/\/mkvplast.pl\/index.php\/wp-json\/wp\/v2\/media?parent=6579"}],"wp:term":[{"taxonomy":"product_brand","embeddable":true,"href":"https:\/\/mkvplast.pl\/index.php\/wp-json\/wp\/v2\/product_brand?post=6579"},{"taxonomy":"product_cat","embeddable":true,"href":"https:\/\/mkvplast.pl\/index.php\/wp-json\/wp\/v2\/product_cat?post=6579"},{"taxonomy":"product_tag","embeddable":true,"href":"https:\/\/mkvplast.pl\/index.php\/wp-json\/wp\/v2\/product_tag?post=6579"}],"curies":[{"name":"wp","href":"https:\/\/api.w.org\/{rel}","templated":true}]}}