{"id":6557,"date":"2026-04-03T15:07:30","date_gmt":"2026-04-03T13:07:30","guid":{"rendered":"https:\/\/mkvplast.pl\/?post_type=product&#038;p=6557"},"modified":"2026-04-03T15:07:30","modified_gmt":"2026-04-03T13:07:30","slug":"tasmociag-prosty-225-x-50-cm","status":"publish","type":"product","link":"https:\/\/mkvplast.pl\/index.php\/product\/tasmociag-prosty-225-x-50-cm\/","title":{"rendered":"Ta\u015bmoci\u0105g prosty 225 x 50 cm"},"content":{"rendered":"<h5><strong>D\u0142ugo\u015b\u0107 225 cm<\/strong><br \/>\n<strong>Szeroko\u015b\u0107 50 cm<\/strong><br \/>\n<strong>Regulowana wysoko\u015b\u0107 ta\u015bmoci\u0105gu<\/strong><br \/>\n<strong>Cena netto: 3000 z\u0142<\/strong><\/h5>\n","protected":false},"excerpt":{"rendered":"<p>D\u0142ugo\u015b\u0107 225 cm Szeroko\u015b\u0107 50 cm Regulowana wysoko\u015b\u0107 ta\u015bmoci\u0105gu Cena netto: 3000 z\u0142<\/p>\n","protected":false},"featured_media":6558,"template":"","meta":[],"product_brand":[],"product_cat":[28,21],"product_tag":[],"class_list":{"0":"post-6557","1":"product","2":"type-product","3":"status-publish","4":"has-post-thumbnail","6":"product_cat-tasmociagi","7":"product_cat-urzadzenia","9":"first","10":"instock","11":"shipping-taxable","12":"product-type-simple"},"_links":{"self":[{"href":"https:\/\/mkvplast.pl\/index.php\/wp-json\/wp\/v2\/product\/6557","targetHints":{"allow":["GET"]}}],"collection":[{"href":"https:\/\/mkvplast.pl\/index.php\/wp-json\/wp\/v2\/product"}],"about":[{"href":"https:\/\/mkvplast.pl\/index.php\/wp-json\/wp\/v2\/types\/product"}],"wp:featuredmedia":[{"embeddable":true,"href":"https:\/\/mkvplast.pl\/index.php\/wp-json\/wp\/v2\/media\/6558"}],"wp:attachment":[{"href":"https:\/\/mkvplast.pl\/index.php\/wp-json\/wp\/v2\/media?parent=6557"}],"wp:term":[{"taxonomy":"product_brand","embeddable":true,"href":"https:\/\/mkvplast.pl\/index.php\/wp-json\/wp\/v2\/product_brand?post=6557"},{"taxonomy":"product_cat","embeddable":true,"href":"https:\/\/mkvplast.pl\/index.php\/wp-json\/wp\/v2\/product_cat?post=6557"},{"taxonomy":"product_tag","embeddable":true,"href":"https:\/\/mkvplast.pl\/index.php\/wp-json\/wp\/v2\/product_tag?post=6557"}],"curies":[{"name":"wp","href":"https:\/\/api.w.org\/{rel}","templated":true}]}}