{"id":6503,"date":"2026-04-02T16:13:35","date_gmt":"2026-04-02T14:13:35","guid":{"rendered":"https:\/\/mkvplast.pl\/?post_type=product&#038;p=6503"},"modified":"2026-04-02T16:13:35","modified_gmt":"2026-04-02T14:13:35","slug":"mlyn-cmg-g17-22-3k-se-moc-3-kw-nowy","status":"publish","type":"product","link":"https:\/\/mkvplast.pl\/index.php\/product\/mlyn-cmg-g17-22-3k-se-moc-3-kw-nowy\/","title":{"rendered":"M\u0142yn CMG G17-22-3K-SE moc 3 kW &#8211; Nowy!!!"},"content":{"rendered":"<h5><strong>Obudowa d\u017awi\u0119koch\u0142onna<\/strong><br \/>\n<strong>Moc silnika: 3 kW<\/strong><br \/>\n<strong>Wymiary komory rozdrabniaj\u0105cej: 220 x 170 mm<\/strong><br \/>\n<strong>Liczba no\u017cy rotora: 3<\/strong><br \/>\n<strong>Liczba no\u017cy stojana: 2<\/strong><br \/>\n<strong>\u015arednica rotora: 170 mm<\/strong><br \/>\n<strong>Pr\u0119dko\u015b\u0107 obrotowa: 270 obr.\/min (przy 50 Hz)<\/strong><br \/>\n<strong>\u015arednica otwor\u00f3w sita: 5 mm<\/strong><br \/>\n<strong>M\u0142yn jest nowy i nigdy nie by\u0142 u\u017cywany!<\/strong><br \/>\n<strong>Cena netto: 5500 EUR<\/strong><\/h5>\n","protected":false},"excerpt":{"rendered":"<p>Obudowa d\u017awi\u0119koch\u0142onna Moc silnika: 3 kW Wymiary komory rozdrabniaj\u0105cej: 220 x 170 mm Liczba no\u017cy rotora: 3 Liczba no\u017cy stojana: 2 \u015arednica rotora: 170 mm Pr\u0119dko\u015b\u0107 obrotowa: 270 obr.\/min (przy 50 Hz) \u015arednica otwor\u00f3w sita: 5 mm M\u0142yn jest nowy i nigdy nie by\u0142 u\u017cywany! Cena netto: 5500 EUR<\/p>\n","protected":false},"featured_media":6504,"template":"","meta":[],"product_brand":[],"product_cat":[27,21],"product_tag":[],"class_list":{"0":"post-6503","1":"product","2":"type-product","3":"status-publish","4":"has-post-thumbnail","6":"product_cat-mlyny","7":"product_cat-urzadzenia","9":"first","10":"instock","11":"shipping-taxable","12":"purchasable","13":"product-type-simple"},"_links":{"self":[{"href":"https:\/\/mkvplast.pl\/index.php\/wp-json\/wp\/v2\/product\/6503","targetHints":{"allow":["GET"]}}],"collection":[{"href":"https:\/\/mkvplast.pl\/index.php\/wp-json\/wp\/v2\/product"}],"about":[{"href":"https:\/\/mkvplast.pl\/index.php\/wp-json\/wp\/v2\/types\/product"}],"wp:featuredmedia":[{"embeddable":true,"href":"https:\/\/mkvplast.pl\/index.php\/wp-json\/wp\/v2\/media\/6504"}],"wp:attachment":[{"href":"https:\/\/mkvplast.pl\/index.php\/wp-json\/wp\/v2\/media?parent=6503"}],"wp:term":[{"taxonomy":"product_brand","embeddable":true,"href":"https:\/\/mkvplast.pl\/index.php\/wp-json\/wp\/v2\/product_brand?post=6503"},{"taxonomy":"product_cat","embeddable":true,"href":"https:\/\/mkvplast.pl\/index.php\/wp-json\/wp\/v2\/product_cat?post=6503"},{"taxonomy":"product_tag","embeddable":true,"href":"https:\/\/mkvplast.pl\/index.php\/wp-json\/wp\/v2\/product_tag?post=6503"}],"curies":[{"name":"wp","href":"https:\/\/api.w.org\/{rel}","templated":true}]}}