{"id":6474,"date":"2026-04-01T16:01:51","date_gmt":"2026-04-01T14:01:51","guid":{"rendered":"https:\/\/mkvplast.pl\/?post_type=product&#038;p=6474"},"modified":"2026-04-10T11:59:54","modified_gmt":"2026-04-10T09:59:54","slug":"mlynek-stanowiskowy-wanner-4-sztuki","status":"publish","type":"product","link":"https:\/\/mkvplast.pl\/index.php\/product\/mlynek-stanowiskowy-wanner-4-sztuki\/","title":{"rendered":"M\u0142ynek stanowiskowy Wanner 13.20 &#8211; 2,2 kW"},"content":{"rendered":"<h5><strong>Producent Wanner Technik GmbH<\/strong><br \/>\n<strong>Model 13.20<\/strong><br \/>\n<strong>Wymiary komory mielenia 130 x 200 mm<\/strong><br \/>\n<strong>Moc 2,2 kW\u00a0<\/strong><br \/>\n<strong>Kaskadowy uk\u0142ad no\u017cy<\/strong><br \/>\n<strong>Nowe no\u017ce<\/strong><br \/>\n<strong>Cena netto: 5500 z\u0142<\/strong><\/h5>\n","protected":false},"excerpt":{"rendered":"<p>Producent Wanner Technik GmbH Model 13.20 Wymiary komory mielenia 130 x 200 mm Moc 2,2 kW\u00a0 Kaskadowy uk\u0142ad no\u017cy Nowe no\u017ce Cena netto: 5500 z\u0142<\/p>\n","protected":false},"featured_media":6603,"template":"","meta":[],"product_brand":[],"product_cat":[27,21],"product_tag":[],"class_list":{"0":"post-6474","1":"product","2":"type-product","3":"status-publish","4":"has-post-thumbnail","6":"product_cat-mlyny","7":"product_cat-urzadzenia","9":"first","10":"instock","11":"shipping-taxable","12":"product-type-simple"},"_links":{"self":[{"href":"https:\/\/mkvplast.pl\/index.php\/wp-json\/wp\/v2\/product\/6474","targetHints":{"allow":["GET"]}}],"collection":[{"href":"https:\/\/mkvplast.pl\/index.php\/wp-json\/wp\/v2\/product"}],"about":[{"href":"https:\/\/mkvplast.pl\/index.php\/wp-json\/wp\/v2\/types\/product"}],"wp:featuredmedia":[{"embeddable":true,"href":"https:\/\/mkvplast.pl\/index.php\/wp-json\/wp\/v2\/media\/6603"}],"wp:attachment":[{"href":"https:\/\/mkvplast.pl\/index.php\/wp-json\/wp\/v2\/media?parent=6474"}],"wp:term":[{"taxonomy":"product_brand","embeddable":true,"href":"https:\/\/mkvplast.pl\/index.php\/wp-json\/wp\/v2\/product_brand?post=6474"},{"taxonomy":"product_cat","embeddable":true,"href":"https:\/\/mkvplast.pl\/index.php\/wp-json\/wp\/v2\/product_cat?post=6474"},{"taxonomy":"product_tag","embeddable":true,"href":"https:\/\/mkvplast.pl\/index.php\/wp-json\/wp\/v2\/product_tag?post=6474"}],"curies":[{"name":"wp","href":"https:\/\/api.w.org\/{rel}","templated":true}]}}