{"id":6437,"date":"2026-04-01T14:33:36","date_gmt":"2026-04-01T12:33:36","guid":{"rendered":"https:\/\/mkvplast.pl\/?post_type=product&#038;p=6437"},"modified":"2026-04-15T15:40:29","modified_gmt":"2026-04-15T13:40:29","slug":"tasmociag-lamany-l-220-x-25-cm","status":"publish","type":"product","link":"https:\/\/mkvplast.pl\/index.php\/product\/tasmociag-lamany-l-220-x-25-cm\/","title":{"rendered":"Ta\u015bmoci\u0105g \u0142amany L 225 x 25 cm"},"content":{"rendered":"<h5><strong>D\u0142ugo\u015b\u0107 ca\u0142kowita 225 cm (150 + 75 cm)<\/strong><br \/>\n<strong>Szeroko\u015b\u0107 25 cm<\/strong><br \/>\n<strong>Regulowana wysoko\u015b\u0107 ta\u015bmoci\u0105gu<\/strong><br \/>\n<strong>Cena netto: 2500 z\u0142<\/strong><\/h5>\n","protected":false},"excerpt":{"rendered":"<p>D\u0142ugo\u015b\u0107 ca\u0142kowita 225 cm (150 + 75 cm) Szeroko\u015b\u0107 25 cm Regulowana wysoko\u015b\u0107 ta\u015bmoci\u0105gu Cena netto: 2500 z\u0142<\/p>\n","protected":false},"featured_media":6438,"template":"","meta":[],"product_brand":[],"product_cat":[28,21],"product_tag":[],"class_list":{"0":"post-6437","1":"product","2":"type-product","3":"status-publish","4":"has-post-thumbnail","6":"product_cat-tasmociagi","7":"product_cat-urzadzenia","9":"first","10":"instock","11":"shipping-taxable","12":"product-type-simple"},"_links":{"self":[{"href":"https:\/\/mkvplast.pl\/index.php\/wp-json\/wp\/v2\/product\/6437","targetHints":{"allow":["GET"]}}],"collection":[{"href":"https:\/\/mkvplast.pl\/index.php\/wp-json\/wp\/v2\/product"}],"about":[{"href":"https:\/\/mkvplast.pl\/index.php\/wp-json\/wp\/v2\/types\/product"}],"wp:featuredmedia":[{"embeddable":true,"href":"https:\/\/mkvplast.pl\/index.php\/wp-json\/wp\/v2\/media\/6438"}],"wp:attachment":[{"href":"https:\/\/mkvplast.pl\/index.php\/wp-json\/wp\/v2\/media?parent=6437"}],"wp:term":[{"taxonomy":"product_brand","embeddable":true,"href":"https:\/\/mkvplast.pl\/index.php\/wp-json\/wp\/v2\/product_brand?post=6437"},{"taxonomy":"product_cat","embeddable":true,"href":"https:\/\/mkvplast.pl\/index.php\/wp-json\/wp\/v2\/product_cat?post=6437"},{"taxonomy":"product_tag","embeddable":true,"href":"https:\/\/mkvplast.pl\/index.php\/wp-json\/wp\/v2\/product_tag?post=6437"}],"curies":[{"name":"wp","href":"https:\/\/api.w.org\/{rel}","templated":true}]}}