{"id":6347,"date":"2026-03-28T10:51:09","date_gmt":"2026-03-28T09:51:09","guid":{"rendered":"https:\/\/mkvplast.pl\/?post_type=product&#038;p=6347"},"modified":"2026-03-28T11:06:51","modified_gmt":"2026-03-28T10:06:51","slug":"pompy-prozniowe-z-filtrami-centralnymi-i-sterowaniem","status":"publish","type":"product","link":"https:\/\/mkvplast.pl\/index.php\/product\/pompy-prozniowe-z-filtrami-centralnymi-i-sterowaniem\/","title":{"rendered":"Pompy pr\u00f3\u017cniowe z filtrami centralnymi i sterowaniem"},"content":{"rendered":"<h5><strong>Pompy pr\u00f3\u017cniowe firmy VACOM Induvac<\/strong><br \/>\n<strong>Model: VACOM VC 340-720<\/strong><br \/>\n<strong>Wydajno\u015b\u0107: 320 m3\/h<\/strong><br \/>\n<strong>Podci\u015bnienie do &#8211; 400 mbar<\/strong><br \/>\n<strong>Nadci\u015bnienie do +370 mbar<\/strong><br \/>\n<strong>Moc: 4,6 kW<\/strong><br \/>\n<strong>Z filtrem centralnym Motan<\/strong><br \/>\n<strong>Sterownik Motan<\/strong><br \/>\n<strong>Cena netto za dwa komplety: 21500 z\u0142<\/strong><\/h5>\n","protected":false},"excerpt":{"rendered":"<p>Pompy pr\u00f3\u017cniowe firmy VACOM Induvac Model: VACOM VC 340-720 Wydajno\u015b\u0107: 320 m3\/h Podci\u015bnienie do &#8211; 400 mbar Nadci\u015bnienie do +370 mbar Moc: 4,6 kW Z filtrem centralnym Motan Sterownik Motan Cena netto za dwa komplety: 21500 z\u0142<\/p>\n","protected":false},"featured_media":6364,"template":"","meta":[],"product_brand":[],"product_cat":[29,39,21],"product_tag":[],"class_list":{"0":"post-6347","1":"product","2":"type-product","3":"status-publish","4":"has-post-thumbnail","6":"product_cat-podajniki-tworzywa","7":"product_cat-pozostale-urzadzenia","8":"product_cat-urzadzenia","10":"first","11":"instock","12":"shipping-taxable","13":"product-type-simple"},"_links":{"self":[{"href":"https:\/\/mkvplast.pl\/index.php\/wp-json\/wp\/v2\/product\/6347","targetHints":{"allow":["GET"]}}],"collection":[{"href":"https:\/\/mkvplast.pl\/index.php\/wp-json\/wp\/v2\/product"}],"about":[{"href":"https:\/\/mkvplast.pl\/index.php\/wp-json\/wp\/v2\/types\/product"}],"wp:featuredmedia":[{"embeddable":true,"href":"https:\/\/mkvplast.pl\/index.php\/wp-json\/wp\/v2\/media\/6364"}],"wp:attachment":[{"href":"https:\/\/mkvplast.pl\/index.php\/wp-json\/wp\/v2\/media?parent=6347"}],"wp:term":[{"taxonomy":"product_brand","embeddable":true,"href":"https:\/\/mkvplast.pl\/index.php\/wp-json\/wp\/v2\/product_brand?post=6347"},{"taxonomy":"product_cat","embeddable":true,"href":"https:\/\/mkvplast.pl\/index.php\/wp-json\/wp\/v2\/product_cat?post=6347"},{"taxonomy":"product_tag","embeddable":true,"href":"https:\/\/mkvplast.pl\/index.php\/wp-json\/wp\/v2\/product_tag?post=6347"}],"curies":[{"name":"wp","href":"https:\/\/api.w.org\/{rel}","templated":true}]}}