{"id":6275,"date":"2026-03-18T08:35:20","date_gmt":"2026-03-18T07:35:20","guid":{"rendered":"https:\/\/mkvplast.pl\/?post_type=product&#038;p=6275"},"modified":"2026-04-30T14:51:10","modified_gmt":"2026-04-30T12:51:10","slug":"suszarnia-suchego-powietrza-z-zaciagami-tworzywa","status":"publish","type":"product","link":"https:\/\/mkvplast.pl\/index.php\/product\/suszarnia-suchego-powietrza-z-zaciagami-tworzywa\/","title":{"rendered":"Suszarnia suchego powietrza Motan ADC 200\/10\/20 z pomp\u0105 pr\u00f3\u017cniow\u0105 i filtrem centralnym"},"content":{"rendered":"<h5><strong>Suszarnia suchego powietrza z zaci\u0105gami tworzywa\u00a0<\/strong><br \/>\n<strong>Producent: Motan<\/strong><br \/>\n<strong>Model: ADC 200\/10\/20<\/strong><br \/>\n<strong>Moc pod\u0142\u0105czeniowa: 5,6 kW<\/strong><br \/>\n<strong>Przep\u0142yw suchego powietrza: 200 m3\/h<\/strong><br \/>\n<strong><\/strong><\/h5>\n<h5><strong>Silosy 5 sztuk<\/strong><br \/>\n<strong>Producent: Motan<\/strong><br \/>\n<strong>Model: BC-30 Ltr<\/strong><br \/>\n<strong>Grzanie 1,55 kW<\/strong><br \/>\n<strong><\/strong><\/h5>\n<h5><strong>Zaci\u0105gi tworzywa 5 sztuk<\/strong><br \/>\n<strong>Producent: Motan<\/strong><br \/>\n<strong>Model: HLS-06-1-A000-0<\/strong><br \/>\n<strong><\/strong><\/h5>\n<h5><strong>Z pomp\u0105 pr\u00f3\u017cniow\u0105<\/strong><br \/>\n<strong>VACOM<\/strong><br \/>\n<strong>Moc: 4,6 kW<\/strong><br \/>\n<strong>Z filtrem centralnym i sterowaniem Motan<\/strong><\/h5>\n<h5><strong><\/strong><strong>Cena netto zestawu: 27.500 z\u0142<\/strong><\/h5>\n","protected":false},"excerpt":{"rendered":"<p>Suszarnia suchego powietrza z zaci\u0105gami tworzywa\u00a0 Producent: Motan Model: ADC 200\/10\/20 Moc pod\u0142\u0105czeniowa: 5,6 kW Przep\u0142yw suchego powietrza: 200 m3\/h Silosy 5 sztuk Producent: Motan Model: BC-30 Ltr Grzanie 1,55 kW Zaci\u0105gi tworzywa 5 sztuk Producent: Motan Model: HLS-06-1-A000-0 Z pomp\u0105 pr\u00f3\u017cniow\u0105 VACOM Moc: 4,6 kW Z filtrem centralnym i [&hellip;]<\/p>\n","protected":false},"featured_media":6859,"template":"","meta":[],"product_brand":[],"product_cat":[26,21],"product_tag":[],"class_list":{"0":"post-6275","1":"product","2":"type-product","3":"status-publish","4":"has-post-thumbnail","6":"product_cat-suszarki","7":"product_cat-urzadzenia","9":"first","10":"instock","11":"shipping-taxable","12":"product-type-simple"},"_links":{"self":[{"href":"https:\/\/mkvplast.pl\/index.php\/wp-json\/wp\/v2\/product\/6275","targetHints":{"allow":["GET"]}}],"collection":[{"href":"https:\/\/mkvplast.pl\/index.php\/wp-json\/wp\/v2\/product"}],"about":[{"href":"https:\/\/mkvplast.pl\/index.php\/wp-json\/wp\/v2\/types\/product"}],"wp:featuredmedia":[{"embeddable":true,"href":"https:\/\/mkvplast.pl\/index.php\/wp-json\/wp\/v2\/media\/6859"}],"wp:attachment":[{"href":"https:\/\/mkvplast.pl\/index.php\/wp-json\/wp\/v2\/media?parent=6275"}],"wp:term":[{"taxonomy":"product_brand","embeddable":true,"href":"https:\/\/mkvplast.pl\/index.php\/wp-json\/wp\/v2\/product_brand?post=6275"},{"taxonomy":"product_cat","embeddable":true,"href":"https:\/\/mkvplast.pl\/index.php\/wp-json\/wp\/v2\/product_cat?post=6275"},{"taxonomy":"product_tag","embeddable":true,"href":"https:\/\/mkvplast.pl\/index.php\/wp-json\/wp\/v2\/product_tag?post=6275"}],"curies":[{"name":"wp","href":"https:\/\/api.w.org\/{rel}","templated":true}]}}