{"id":6159,"date":"2026-02-20T17:40:43","date_gmt":"2026-02-20T16:40:43","guid":{"rendered":"https:\/\/mkvplast.pl\/?post_type=product&#038;p=6159"},"modified":"2026-02-20T17:40:43","modified_gmt":"2026-02-20T16:40:43","slug":"tasmociag-prosty-schuma-400-x-100-cm","status":"publish","type":"product","link":"https:\/\/mkvplast.pl\/index.php\/product\/tasmociag-prosty-schuma-400-x-100-cm\/","title":{"rendered":"Ta\u015bmoci\u0105g prosty SCHUMA 400 x 100 cm"},"content":{"rendered":"<h5><strong>Producent: SCHUMA<\/strong><br \/>\n<strong>Model: PRO-EU 4000\/1000\/GL<\/strong><br \/>\n<strong>D\u0142ugo\u015b\u0107: 4000 mm<\/strong><br \/>\n<strong>Szeroko\u015b\u0107: 1000 mm<\/strong><br \/>\n<strong>Cena netto: 6500 z\u0142<\/strong><\/h5>\n","protected":false},"excerpt":{"rendered":"<p>Producent: SCHUMA Model: PRO-EU 4000\/1000\/GL D\u0142ugo\u015b\u0107: 4000 mm Szeroko\u015b\u0107: 1000 mm Cena netto: 6500 z\u0142<\/p>\n","protected":false},"featured_media":6164,"template":"","meta":[],"product_brand":[],"product_cat":[28,21],"product_tag":[],"class_list":{"0":"post-6159","1":"product","2":"type-product","3":"status-publish","4":"has-post-thumbnail","6":"product_cat-tasmociagi","7":"product_cat-urzadzenia","9":"first","10":"instock","11":"shipping-taxable","12":"product-type-simple"},"_links":{"self":[{"href":"https:\/\/mkvplast.pl\/index.php\/wp-json\/wp\/v2\/product\/6159","targetHints":{"allow":["GET"]}}],"collection":[{"href":"https:\/\/mkvplast.pl\/index.php\/wp-json\/wp\/v2\/product"}],"about":[{"href":"https:\/\/mkvplast.pl\/index.php\/wp-json\/wp\/v2\/types\/product"}],"wp:featuredmedia":[{"embeddable":true,"href":"https:\/\/mkvplast.pl\/index.php\/wp-json\/wp\/v2\/media\/6164"}],"wp:attachment":[{"href":"https:\/\/mkvplast.pl\/index.php\/wp-json\/wp\/v2\/media?parent=6159"}],"wp:term":[{"taxonomy":"product_brand","embeddable":true,"href":"https:\/\/mkvplast.pl\/index.php\/wp-json\/wp\/v2\/product_brand?post=6159"},{"taxonomy":"product_cat","embeddable":true,"href":"https:\/\/mkvplast.pl\/index.php\/wp-json\/wp\/v2\/product_cat?post=6159"},{"taxonomy":"product_tag","embeddable":true,"href":"https:\/\/mkvplast.pl\/index.php\/wp-json\/wp\/v2\/product_tag?post=6159"}],"curies":[{"name":"wp","href":"https:\/\/api.w.org\/{rel}","templated":true}]}}