{"id":6106,"date":"2026-02-19T15:33:20","date_gmt":"2026-02-19T14:33:20","guid":{"rendered":"https:\/\/mkvplast.pl\/?post_type=product&#038;p=6106"},"modified":"2026-02-19T15:33:20","modified_gmt":"2026-02-19T14:33:20","slug":"zaciag-tworzywa-shini-2-sztuki","status":"publish","type":"product","link":"https:\/\/mkvplast.pl\/index.php\/product\/zaciag-tworzywa-shini-2-sztuki\/","title":{"rendered":"Zaci\u0105g tworzywa SHINI &#8211; 2 sztuki"},"content":{"rendered":"<h5><strong>Producent: SHINI<\/strong><br \/>\n<strong>Model: SAL-3U-CE<\/strong><br \/>\n<strong>Moc 1,15 kW<\/strong><br \/>\n<strong>Wyposa\u017cenie: lanca ze stali nierdzewnej z w\u0119\u017cem ssawnym<\/strong><br \/>\n<strong>Cena netto: 1500 z\u0142 \/ sztuka<\/strong><\/h5>\n","protected":false},"excerpt":{"rendered":"<p>Producent: SHINI Model: SAL-3U-CE Moc 1,15 kW Wyposa\u017cenie: lanca ze stali nierdzewnej z w\u0119\u017cem ssawnym Cena netto: 1500 z\u0142 \/ sztuka<\/p>\n","protected":false},"featured_media":6113,"template":"","meta":[],"product_brand":[],"product_cat":[29,21],"product_tag":[],"class_list":{"0":"post-6106","1":"product","2":"type-product","3":"status-publish","4":"has-post-thumbnail","6":"product_cat-podajniki-tworzywa","7":"product_cat-urzadzenia","9":"first","10":"instock","11":"shipping-taxable","12":"product-type-simple"},"_links":{"self":[{"href":"https:\/\/mkvplast.pl\/index.php\/wp-json\/wp\/v2\/product\/6106","targetHints":{"allow":["GET"]}}],"collection":[{"href":"https:\/\/mkvplast.pl\/index.php\/wp-json\/wp\/v2\/product"}],"about":[{"href":"https:\/\/mkvplast.pl\/index.php\/wp-json\/wp\/v2\/types\/product"}],"wp:featuredmedia":[{"embeddable":true,"href":"https:\/\/mkvplast.pl\/index.php\/wp-json\/wp\/v2\/media\/6113"}],"wp:attachment":[{"href":"https:\/\/mkvplast.pl\/index.php\/wp-json\/wp\/v2\/media?parent=6106"}],"wp:term":[{"taxonomy":"product_brand","embeddable":true,"href":"https:\/\/mkvplast.pl\/index.php\/wp-json\/wp\/v2\/product_brand?post=6106"},{"taxonomy":"product_cat","embeddable":true,"href":"https:\/\/mkvplast.pl\/index.php\/wp-json\/wp\/v2\/product_cat?post=6106"},{"taxonomy":"product_tag","embeddable":true,"href":"https:\/\/mkvplast.pl\/index.php\/wp-json\/wp\/v2\/product_tag?post=6106"}],"curies":[{"name":"wp","href":"https:\/\/api.w.org\/{rel}","templated":true}]}}