{"id":5959,"date":"2026-01-30T17:02:33","date_gmt":"2026-01-30T16:02:33","guid":{"rendered":"https:\/\/mkvplast.pl\/?post_type=product&#038;p=5959"},"modified":"2026-04-14T12:36:32","modified_gmt":"2026-04-14T10:36:32","slug":"mlynek-stanowiskowy-3-kw-9-sztuk","status":"publish","type":"product","link":"https:\/\/mkvplast.pl\/index.php\/product\/mlynek-stanowiskowy-3-kw-9-sztuk\/","title":{"rendered":"M\u0142ynek stanowiskowy M\u00fcller 3 kW &#8211; 8 sztuk"},"content":{"rendered":"<h5><strong>Producent: M\u00fcller Maschinen GmbH<\/strong><br \/>\n<strong>Model SM 252<\/strong><br \/>\n<strong>Wolnoobrotowy<\/strong><br \/>\n<strong>Szeroko\u015b\u0107 ci\u0119cia \u2013 250 mm<\/strong><br \/>\n<strong>Moc silnika \u2013 3 kW<\/strong><br \/>\n<strong>Pr\u0119dko\u015b\u0107 rotora &#8211; 100 obr.\/min<\/strong><br \/>\n<strong>Liczba no\u017cy rotora \u2013 20 sztuk<\/strong><br \/>\n<strong>Liczba no\u017cy stojana \u2013 2 sztuki<\/strong><br \/>\n<strong>Wydajno\u015b\u0107 do 50 kg\/h<\/strong><br \/>\n<strong>Dost\u0119pnych 8 sztuk, stan idealny<\/strong><br \/>\n<strong>Cena netto: 1350 EUR za sztuk\u0119<\/strong><\/h5>\n","protected":false},"excerpt":{"rendered":"<p>Producent: M\u00fcller Maschinen GmbH Model SM 252 Wolnoobrotowy Szeroko\u015b\u0107 ci\u0119cia \u2013 250 mm Moc silnika \u2013 3 kW Pr\u0119dko\u015b\u0107 rotora &#8211; 100 obr.\/min Liczba no\u017cy rotora \u2013 20 sztuk Liczba no\u017cy stojana \u2013 2 sztuki Wydajno\u015b\u0107 do 50 kg\/h Dost\u0119pnych 8 sztuk, stan idealny Cena netto: 1350 EUR za sztuk\u0119<\/p>\n","protected":false},"featured_media":5971,"template":"","meta":[],"product_brand":[],"product_cat":[27,21],"product_tag":[],"class_list":{"0":"post-5959","1":"product","2":"type-product","3":"status-publish","4":"has-post-thumbnail","6":"product_cat-mlyny","7":"product_cat-urzadzenia","9":"first","10":"instock","11":"shipping-taxable","12":"product-type-simple"},"_links":{"self":[{"href":"https:\/\/mkvplast.pl\/index.php\/wp-json\/wp\/v2\/product\/5959","targetHints":{"allow":["GET"]}}],"collection":[{"href":"https:\/\/mkvplast.pl\/index.php\/wp-json\/wp\/v2\/product"}],"about":[{"href":"https:\/\/mkvplast.pl\/index.php\/wp-json\/wp\/v2\/types\/product"}],"wp:featuredmedia":[{"embeddable":true,"href":"https:\/\/mkvplast.pl\/index.php\/wp-json\/wp\/v2\/media\/5971"}],"wp:attachment":[{"href":"https:\/\/mkvplast.pl\/index.php\/wp-json\/wp\/v2\/media?parent=5959"}],"wp:term":[{"taxonomy":"product_brand","embeddable":true,"href":"https:\/\/mkvplast.pl\/index.php\/wp-json\/wp\/v2\/product_brand?post=5959"},{"taxonomy":"product_cat","embeddable":true,"href":"https:\/\/mkvplast.pl\/index.php\/wp-json\/wp\/v2\/product_cat?post=5959"},{"taxonomy":"product_tag","embeddable":true,"href":"https:\/\/mkvplast.pl\/index.php\/wp-json\/wp\/v2\/product_tag?post=5959"}],"curies":[{"name":"wp","href":"https:\/\/api.w.org\/{rel}","templated":true}]}}