{"id":5796,"date":"2025-12-12T18:26:21","date_gmt":"2025-12-12T17:26:21","guid":{"rendered":"https:\/\/mkvplast.pl\/?post_type=product&#038;p=5796"},"modified":"2025-12-12T18:26:21","modified_gmt":"2025-12-12T17:26:21","slug":"regulator-goracych-kanalow-20-stref","status":"publish","type":"product","link":"https:\/\/mkvplast.pl\/index.php\/product\/regulator-goracych-kanalow-20-stref\/","title":{"rendered":"Regulator gor\u0105cych kana\u0142\u00f3w 20 stref"},"content":{"rendered":"<h5><strong>Regulator gor\u0105cych kana\u0142\u00f3w 20 stref<\/strong><br \/>\n<strong>Z kablami<\/strong><br \/>\n<strong>Producent: M-Form<\/strong><br \/>\n<strong>Model: HCS20<\/strong><br \/>\n<strong>Po przegladzie, w pe\u0142ni sprawny<\/strong><br \/>\n<strong>Cena netto: 6500 z\u0142<\/strong><\/h5>\n","protected":false},"excerpt":{"rendered":"<p>Regulator gor\u0105cych kana\u0142\u00f3w 20 stref Z kablami Producent: M-Form Model: HCS20 Po przegladzie, w pe\u0142ni sprawny Cena netto: 6500 z\u0142<\/p>\n","protected":false},"featured_media":5798,"template":"","meta":[],"product_brand":[],"product_cat":[34,21],"product_tag":[],"class_list":{"0":"post-5796","1":"product","2":"type-product","3":"status-publish","4":"has-post-thumbnail","6":"product_cat-regulatory","7":"product_cat-urzadzenia","9":"first","10":"instock","11":"shipping-taxable","12":"product-type-simple"},"_links":{"self":[{"href":"https:\/\/mkvplast.pl\/index.php\/wp-json\/wp\/v2\/product\/5796","targetHints":{"allow":["GET"]}}],"collection":[{"href":"https:\/\/mkvplast.pl\/index.php\/wp-json\/wp\/v2\/product"}],"about":[{"href":"https:\/\/mkvplast.pl\/index.php\/wp-json\/wp\/v2\/types\/product"}],"wp:featuredmedia":[{"embeddable":true,"href":"https:\/\/mkvplast.pl\/index.php\/wp-json\/wp\/v2\/media\/5798"}],"wp:attachment":[{"href":"https:\/\/mkvplast.pl\/index.php\/wp-json\/wp\/v2\/media?parent=5796"}],"wp:term":[{"taxonomy":"product_brand","embeddable":true,"href":"https:\/\/mkvplast.pl\/index.php\/wp-json\/wp\/v2\/product_brand?post=5796"},{"taxonomy":"product_cat","embeddable":true,"href":"https:\/\/mkvplast.pl\/index.php\/wp-json\/wp\/v2\/product_cat?post=5796"},{"taxonomy":"product_tag","embeddable":true,"href":"https:\/\/mkvplast.pl\/index.php\/wp-json\/wp\/v2\/product_tag?post=5796"}],"curies":[{"name":"wp","href":"https:\/\/api.w.org\/{rel}","templated":true}]}}