{"id":5639,"date":"2025-11-07T14:38:55","date_gmt":"2025-11-07T13:38:55","guid":{"rendered":"https:\/\/mkvplast.pl\/?post_type=product&#038;p=5639"},"modified":"2026-02-26T09:35:20","modified_gmt":"2026-02-26T08:35:20","slug":"tasmociag-plaski-400-x-100-cm","status":"publish","type":"product","link":"https:\/\/mkvplast.pl\/index.php\/product\/tasmociag-plaski-400-x-100-cm\/","title":{"rendered":"Ta\u015bmoci\u0105g p\u0142aski 400 x 100 cm"},"content":{"rendered":"<div style=\"width: 480px;\" class=\"wp-video\"><video class=\"wp-video-shortcode\" id=\"video-5639-1\" width=\"480\" height=\"848\" preload=\"metadata\" controls=\"controls\"><source type=\"video\/mp4\" src=\"https:\/\/mkvplast.pl\/wp-content\/uploads\/2025\/11\/VID-20260225-WA0020.mp4?_=1\" \/><a href=\"https:\/\/mkvplast.pl\/wp-content\/uploads\/2025\/11\/VID-20260225-WA0020.mp4\">https:\/\/mkvplast.pl\/wp-content\/uploads\/2025\/11\/VID-20260225-WA0020.mp4<\/a><\/video><\/div>\n<h5><strong>Producent Virginio Nastri<\/strong><br \/>\n<strong>D\u0142ugo\u015b\u0107: 400 cm<\/strong><br \/>\n<strong>Szeroko\u015b\u0107: 100 cm<\/strong><br \/>\n<strong>Cena netto: 8000 z\u0142<\/strong><\/h5>\n","protected":false},"excerpt":{"rendered":"<p>Producent Virginio Nastri D\u0142ugo\u015b\u0107: 400 cm Szeroko\u015b\u0107: 100 cm Cena netto: 8000 z\u0142<\/p>\n","protected":false},"featured_media":5643,"template":"","meta":[],"product_brand":[],"product_cat":[28,21],"product_tag":[],"class_list":{"0":"post-5639","1":"product","2":"type-product","3":"status-publish","4":"has-post-thumbnail","6":"product_cat-tasmociagi","7":"product_cat-urzadzenia","9":"first","10":"instock","11":"shipping-taxable","12":"product-type-simple"},"_links":{"self":[{"href":"https:\/\/mkvplast.pl\/index.php\/wp-json\/wp\/v2\/product\/5639","targetHints":{"allow":["GET"]}}],"collection":[{"href":"https:\/\/mkvplast.pl\/index.php\/wp-json\/wp\/v2\/product"}],"about":[{"href":"https:\/\/mkvplast.pl\/index.php\/wp-json\/wp\/v2\/types\/product"}],"wp:featuredmedia":[{"embeddable":true,"href":"https:\/\/mkvplast.pl\/index.php\/wp-json\/wp\/v2\/media\/5643"}],"wp:attachment":[{"href":"https:\/\/mkvplast.pl\/index.php\/wp-json\/wp\/v2\/media?parent=5639"}],"wp:term":[{"taxonomy":"product_brand","embeddable":true,"href":"https:\/\/mkvplast.pl\/index.php\/wp-json\/wp\/v2\/product_brand?post=5639"},{"taxonomy":"product_cat","embeddable":true,"href":"https:\/\/mkvplast.pl\/index.php\/wp-json\/wp\/v2\/product_cat?post=5639"},{"taxonomy":"product_tag","embeddable":true,"href":"https:\/\/mkvplast.pl\/index.php\/wp-json\/wp\/v2\/product_tag?post=5639"}],"curies":[{"name":"wp","href":"https:\/\/api.w.org\/{rel}","templated":true}]}}