{"id":5582,"date":"2025-10-30T14:58:48","date_gmt":"2025-10-30T13:58:48","guid":{"rendered":"https:\/\/mkvplast.pl\/?post_type=product&#038;p=5582"},"modified":"2026-03-21T11:18:30","modified_gmt":"2026-03-21T10:18:30","slug":"mlyn-rapid-z-odciagiem-tworzywa-i-silosem","status":"publish","type":"product","link":"https:\/\/mkvplast.pl\/index.php\/product\/mlyn-rapid-z-odciagiem-tworzywa-i-silosem\/","title":{"rendered":"M\u0142yn Rapid 18,5 kW z odci\u0105giem tworzywa i silosem &#8211; PRZECENA!"},"content":{"rendered":"<h5><strong>Producent: RAPID<\/strong><br \/>\n<strong>Model: GK 4535-KU<\/strong><br \/>\n<strong>Wymiary rotora \/ komory mielenia: 450 x 350 mm<\/strong><br \/>\n<strong>Ilo\u015b\u0107 no\u017cy ruchomych: 3<\/strong><br \/>\n<strong>Ilo\u015b\u0107 no\u017cy sta\u0142ycha: 2<\/strong><br \/>\n<strong>Moc silnika nap\u0119dowego: 18,5 kW<\/strong><br \/>\n<strong>Wyposa\u017cenie: wyci\u0105g tworzywa + silos<\/strong><br \/>\n<strong>PRZECENA z 31.500 z\u0142 na 27.500 z\u0142<\/strong><\/h5>\n","protected":false},"excerpt":{"rendered":"<p>Producent: RAPID Model: GK 4535-KU Wymiary rotora \/ komory mielenia: 450 x 350 mm Ilo\u015b\u0107 no\u017cy ruchomych: 3 Ilo\u015b\u0107 no\u017cy sta\u0142ycha: 2 Moc silnika nap\u0119dowego: 18,5 kW Wyposa\u017cenie: wyci\u0105g tworzywa + silos PRZECENA z 31.500 z\u0142 na 27.500 z\u0142<\/p>\n","protected":false},"featured_media":5583,"template":"","meta":[],"product_brand":[],"product_cat":[27,21],"product_tag":[],"class_list":{"0":"post-5582","1":"product","2":"type-product","3":"status-publish","4":"has-post-thumbnail","6":"product_cat-mlyny","7":"product_cat-urzadzenia","9":"first","10":"instock","11":"shipping-taxable","12":"product-type-simple"},"_links":{"self":[{"href":"https:\/\/mkvplast.pl\/index.php\/wp-json\/wp\/v2\/product\/5582","targetHints":{"allow":["GET"]}}],"collection":[{"href":"https:\/\/mkvplast.pl\/index.php\/wp-json\/wp\/v2\/product"}],"about":[{"href":"https:\/\/mkvplast.pl\/index.php\/wp-json\/wp\/v2\/types\/product"}],"wp:featuredmedia":[{"embeddable":true,"href":"https:\/\/mkvplast.pl\/index.php\/wp-json\/wp\/v2\/media\/5583"}],"wp:attachment":[{"href":"https:\/\/mkvplast.pl\/index.php\/wp-json\/wp\/v2\/media?parent=5582"}],"wp:term":[{"taxonomy":"product_brand","embeddable":true,"href":"https:\/\/mkvplast.pl\/index.php\/wp-json\/wp\/v2\/product_brand?post=5582"},{"taxonomy":"product_cat","embeddable":true,"href":"https:\/\/mkvplast.pl\/index.php\/wp-json\/wp\/v2\/product_cat?post=5582"},{"taxonomy":"product_tag","embeddable":true,"href":"https:\/\/mkvplast.pl\/index.php\/wp-json\/wp\/v2\/product_tag?post=5582"}],"curies":[{"name":"wp","href":"https:\/\/api.w.org\/{rel}","templated":true}]}}