{"id":5508,"date":"2025-10-09T10:16:06","date_gmt":"2025-10-09T08:16:06","guid":{"rendered":"https:\/\/mkvplast.pl\/?post_type=product&#038;p=5508"},"modified":"2026-03-21T11:19:34","modified_gmt":"2026-03-21T10:19:34","slug":"mlyn-herbold-22-kw-z-odciagiem-tworzywa-i-silosem","status":"publish","type":"product","link":"https:\/\/mkvplast.pl\/index.php\/product\/mlyn-herbold-22-kw-z-odciagiem-tworzywa-i-silosem\/","title":{"rendered":"M\u0142yn HERBOLD 22 kW z odci\u0105giem tworzywa i silosem &#8211; PRZECENA!!!"},"content":{"rendered":"<h5><strong>Producent: HERBOLD<\/strong><br \/>\n<strong>Model: CS450\/600-2A<\/strong><br \/>\n<strong>Wymiary rotora \/ komory mielenia: 450 x 600 mm<\/strong><br \/>\n<strong>Ilo\u015b\u0107 no\u017cy ruchomych: 5<\/strong><br \/>\n<strong>Ilo\u015b\u0107 no\u017cy sta\u0142ycha: 2<\/strong><br \/>\n<strong>Moc silnika nap\u0119dowego: 22 kW<\/strong><br \/>\n<strong>Dodatkowe sita 5 sztuk<\/strong><br \/>\n<strong>Dodatkowe no\u017ce 3 sztuki<\/strong><br \/>\n<strong>Dodatkowe leje zasypowe o r\u00f3\u017cnych konstrukcjach 3 sztuki<\/strong><br \/>\n<strong>Wyposa\u017cenie: wyci\u0105g tworzywa + silos<\/strong><br \/>\n<strong>PRZECENA z 45.000 na 38.500 z\u0142 netto<\/strong><\/h5>\n","protected":false},"excerpt":{"rendered":"<p>Producent: HERBOLD Model: CS450\/600-2A Wymiary rotora \/ komory mielenia: 450 x 600 mm Ilo\u015b\u0107 no\u017cy ruchomych: 5 Ilo\u015b\u0107 no\u017cy sta\u0142ycha: 2 Moc silnika nap\u0119dowego: 22 kW Dodatkowe sita 5 sztuk Dodatkowe no\u017ce 3 sztuki Dodatkowe leje zasypowe o r\u00f3\u017cnych konstrukcjach 3 sztuki Wyposa\u017cenie: wyci\u0105g tworzywa + silos PRZECENA z 45.000 [&hellip;]<\/p>\n","protected":false},"featured_media":5509,"template":"","meta":[],"product_brand":[],"product_cat":[27,21],"product_tag":[],"class_list":{"0":"post-5508","1":"product","2":"type-product","3":"status-publish","4":"has-post-thumbnail","6":"product_cat-mlyny","7":"product_cat-urzadzenia","9":"first","10":"instock","11":"shipping-taxable","12":"product-type-simple"},"_links":{"self":[{"href":"https:\/\/mkvplast.pl\/index.php\/wp-json\/wp\/v2\/product\/5508","targetHints":{"allow":["GET"]}}],"collection":[{"href":"https:\/\/mkvplast.pl\/index.php\/wp-json\/wp\/v2\/product"}],"about":[{"href":"https:\/\/mkvplast.pl\/index.php\/wp-json\/wp\/v2\/types\/product"}],"wp:featuredmedia":[{"embeddable":true,"href":"https:\/\/mkvplast.pl\/index.php\/wp-json\/wp\/v2\/media\/5509"}],"wp:attachment":[{"href":"https:\/\/mkvplast.pl\/index.php\/wp-json\/wp\/v2\/media?parent=5508"}],"wp:term":[{"taxonomy":"product_brand","embeddable":true,"href":"https:\/\/mkvplast.pl\/index.php\/wp-json\/wp\/v2\/product_brand?post=5508"},{"taxonomy":"product_cat","embeddable":true,"href":"https:\/\/mkvplast.pl\/index.php\/wp-json\/wp\/v2\/product_cat?post=5508"},{"taxonomy":"product_tag","embeddable":true,"href":"https:\/\/mkvplast.pl\/index.php\/wp-json\/wp\/v2\/product_tag?post=5508"}],"curies":[{"name":"wp","href":"https:\/\/api.w.org\/{rel}","templated":true}]}}