{"id":5489,"date":"2025-10-02T11:36:51","date_gmt":"2025-10-02T09:36:51","guid":{"rendered":"https:\/\/mkvplast.pl\/?post_type=product&#038;p=5489"},"modified":"2026-03-28T12:13:44","modified_gmt":"2026-03-28T11:13:44","slug":"stacja-nadmuchowa-z-pompa-prozniowa-22-kw","status":"publish","type":"product","link":"https:\/\/mkvplast.pl\/index.php\/product\/stacja-nadmuchowa-z-pompa-prozniowa-22-kw\/","title":{"rendered":"Stacja nadmuchowa z pomp\u0105 pr\u00f3\u017cniow\u0105 2,2 kW"},"content":{"rendered":"<h5><strong>Stacja nadmuchowa z pomp\u0105 pr\u00f3\u017cniow\u0105<\/strong><br \/>\n<strong>Producent Colortronic<\/strong><br \/>\n<strong>Model GFE 2,2<\/strong><br \/>\n<strong>Moc 2,2 kW<\/strong><br \/>\nZ wyposa\u017ceniem<br \/>\n<strong>Cena netto: 4.500 z\u0142<\/strong><\/h5>\n","protected":false},"excerpt":{"rendered":"<p>Stacja nadmuchowa z pomp\u0105 pr\u00f3\u017cniow\u0105 Producent Colortronic Model GFE 2,2 Moc 2,2 kW Z wyposa\u017ceniem Cena netto: 4.500 z\u0142<\/p>\n","protected":false},"featured_media":5506,"template":"","meta":[],"product_brand":[],"product_cat":[29,39,21],"product_tag":[],"class_list":{"0":"post-5489","1":"product","2":"type-product","3":"status-publish","4":"has-post-thumbnail","6":"product_cat-podajniki-tworzywa","7":"product_cat-pozostale-urzadzenia","8":"product_cat-urzadzenia","10":"first","11":"instock","12":"shipping-taxable","13":"product-type-simple"},"_links":{"self":[{"href":"https:\/\/mkvplast.pl\/index.php\/wp-json\/wp\/v2\/product\/5489","targetHints":{"allow":["GET"]}}],"collection":[{"href":"https:\/\/mkvplast.pl\/index.php\/wp-json\/wp\/v2\/product"}],"about":[{"href":"https:\/\/mkvplast.pl\/index.php\/wp-json\/wp\/v2\/types\/product"}],"wp:featuredmedia":[{"embeddable":true,"href":"https:\/\/mkvplast.pl\/index.php\/wp-json\/wp\/v2\/media\/5506"}],"wp:attachment":[{"href":"https:\/\/mkvplast.pl\/index.php\/wp-json\/wp\/v2\/media?parent=5489"}],"wp:term":[{"taxonomy":"product_brand","embeddable":true,"href":"https:\/\/mkvplast.pl\/index.php\/wp-json\/wp\/v2\/product_brand?post=5489"},{"taxonomy":"product_cat","embeddable":true,"href":"https:\/\/mkvplast.pl\/index.php\/wp-json\/wp\/v2\/product_cat?post=5489"},{"taxonomy":"product_tag","embeddable":true,"href":"https:\/\/mkvplast.pl\/index.php\/wp-json\/wp\/v2\/product_tag?post=5489"}],"curies":[{"name":"wp","href":"https:\/\/api.w.org\/{rel}","templated":true}]}}