{"id":5352,"date":"2025-08-29T13:34:26","date_gmt":"2025-08-29T11:34:26","guid":{"rendered":"https:\/\/mkvplast.pl\/?post_type=product&#038;p=5352"},"modified":"2025-08-29T13:34:26","modified_gmt":"2025-08-29T11:34:26","slug":"sterowanie-selogica-kompletne","status":"publish","type":"product","link":"https:\/\/mkvplast.pl\/index.php\/product\/sterowanie-selogica-kompletne\/","title":{"rendered":"Sterowanie Selogica kompletne"},"content":{"rendered":"<h5><strong>Sterowanie Selogica<\/strong><br \/>\n<strong>Komplet kart<\/strong><br \/>\n<strong>Zdemontowane z dzia\u0142aj\u0105cej wtryskarki Arburg 420 C 1000-350\/150<\/strong><br \/>\n<strong>Sprzeda\u017c pojedynczych kart jest r\u00f3wnie\u017c mo\u017cliwa!!!<\/strong><br \/>\n<strong>Cena netto kompletu: 10500 z\u0142<\/strong><\/h5>\n","protected":false},"excerpt":{"rendered":"<p>Sterowanie Selogica Komplet kart Zdemontowane z dzia\u0142aj\u0105cej wtryskarki Arburg 420 C 1000-350\/150 Sprzeda\u017c pojedynczych kart jest r\u00f3wnie\u017c mo\u017cliwa!!! Cena netto kompletu: 10500 z\u0142<\/p>\n","protected":false},"featured_media":5354,"template":"","meta":[],"product_brand":[],"product_cat":[22],"product_tag":[],"class_list":{"0":"post-5352","1":"product","2":"type-product","3":"status-publish","4":"has-post-thumbnail","6":"product_cat-czesci","8":"first","9":"instock","10":"shipping-taxable","11":"product-type-simple"},"_links":{"self":[{"href":"https:\/\/mkvplast.pl\/index.php\/wp-json\/wp\/v2\/product\/5352","targetHints":{"allow":["GET"]}}],"collection":[{"href":"https:\/\/mkvplast.pl\/index.php\/wp-json\/wp\/v2\/product"}],"about":[{"href":"https:\/\/mkvplast.pl\/index.php\/wp-json\/wp\/v2\/types\/product"}],"wp:featuredmedia":[{"embeddable":true,"href":"https:\/\/mkvplast.pl\/index.php\/wp-json\/wp\/v2\/media\/5354"}],"wp:attachment":[{"href":"https:\/\/mkvplast.pl\/index.php\/wp-json\/wp\/v2\/media?parent=5352"}],"wp:term":[{"taxonomy":"product_brand","embeddable":true,"href":"https:\/\/mkvplast.pl\/index.php\/wp-json\/wp\/v2\/product_brand?post=5352"},{"taxonomy":"product_cat","embeddable":true,"href":"https:\/\/mkvplast.pl\/index.php\/wp-json\/wp\/v2\/product_cat?post=5352"},{"taxonomy":"product_tag","embeddable":true,"href":"https:\/\/mkvplast.pl\/index.php\/wp-json\/wp\/v2\/product_tag?post=5352"}],"curies":[{"name":"wp","href":"https:\/\/api.w.org\/{rel}","templated":true}]}}