{"id":5236,"date":"2025-07-22T13:26:30","date_gmt":"2025-07-22T11:26:30","guid":{"rendered":"https:\/\/mkvplast.pl\/?post_type=product&#038;p=5236"},"modified":"2025-07-22T13:30:26","modified_gmt":"2025-07-22T11:30:26","slug":"arburg-570-c-2000-675-150","status":"publish","type":"product","link":"https:\/\/mkvplast.pl\/index.php\/product\/arburg-570-c-2000-675-150\/","title":{"rendered":"Arburg 570 C 2000 &#8211; 675\/150"},"content":{"rendered":"<h5>Wtryskarka dwukomponentowa<br \/>\nRok produkcji 2003<br \/>\nIlo\u015b\u0107 godzin pracy 52800<br \/>\nSi\u0142a zamykania 200 ton<br \/>\n\u015arednica \u015blimaka 55 mm &#8211;\u00a0 pozioma jednostka wtryskowa<br \/>\n\u015arednica\u00a0 \u015blimaka 35 mm &#8211; pionowa jednostka wtryskowa<br \/>\nWyposa\u017cenie: 2 ci\u0105gi rdzeni, Euromap 12<br \/>\nCena netto: 14.000 EUR<\/h5>\n<p>&nbsp;<\/p>\n<p>&nbsp;<\/p>\n","protected":false},"excerpt":{"rendered":"<p>Wtryskarka dwukomponentowa Rok produkcji 2003 Ilo\u015b\u0107 godzin pracy 52800 Si\u0142a zamykania 200 ton \u015arednica \u015blimaka 55 mm &#8211;\u00a0 pozioma jednostka wtryskowa \u015arednica\u00a0 \u015blimaka 35 mm &#8211; pionowa jednostka wtryskowa Wyposa\u017cenie: 2 ci\u0105gi rdzeni, Euromap 12 Cena netto: 14.000 EUR &nbsp; &nbsp;<\/p>\n","protected":false},"featured_media":5237,"template":"","meta":[],"product_brand":[],"product_cat":[19],"product_tag":[],"class_list":{"0":"post-5236","1":"product","2":"type-product","3":"status-publish","4":"has-post-thumbnail","6":"product_cat-wtryskarki","8":"first","9":"instock","10":"shipping-taxable","11":"product-type-simple"},"_links":{"self":[{"href":"https:\/\/mkvplast.pl\/index.php\/wp-json\/wp\/v2\/product\/5236","targetHints":{"allow":["GET"]}}],"collection":[{"href":"https:\/\/mkvplast.pl\/index.php\/wp-json\/wp\/v2\/product"}],"about":[{"href":"https:\/\/mkvplast.pl\/index.php\/wp-json\/wp\/v2\/types\/product"}],"wp:featuredmedia":[{"embeddable":true,"href":"https:\/\/mkvplast.pl\/index.php\/wp-json\/wp\/v2\/media\/5237"}],"wp:attachment":[{"href":"https:\/\/mkvplast.pl\/index.php\/wp-json\/wp\/v2\/media?parent=5236"}],"wp:term":[{"taxonomy":"product_brand","embeddable":true,"href":"https:\/\/mkvplast.pl\/index.php\/wp-json\/wp\/v2\/product_brand?post=5236"},{"taxonomy":"product_cat","embeddable":true,"href":"https:\/\/mkvplast.pl\/index.php\/wp-json\/wp\/v2\/product_cat?post=5236"},{"taxonomy":"product_tag","embeddable":true,"href":"https:\/\/mkvplast.pl\/index.php\/wp-json\/wp\/v2\/product_tag?post=5236"}],"curies":[{"name":"wp","href":"https:\/\/api.w.org\/{rel}","templated":true}]}}