{"id":5181,"date":"2025-07-08T13:49:37","date_gmt":"2025-07-08T11:49:37","guid":{"rendered":"https:\/\/mkvplast.pl\/?post_type=product&#038;p=5181"},"modified":"2025-08-05T08:48:36","modified_gmt":"2025-08-05T06:48:36","slug":"tasmociag-plaski260-x-60-cm","status":"publish","type":"product","link":"https:\/\/mkvplast.pl\/index.php\/product\/tasmociag-plaski260-x-60-cm\/","title":{"rendered":"Ta\u015bmoci\u0105g p\u0142aski 260 x 60 cm"},"content":{"rendered":"<h5><strong>D\u0142ugo\u015b\u0107 260 cm<\/strong><br \/>\n<strong>Szeroko\u015b\u0107 60 cm<\/strong><br \/>\n<strong>Cena netto: 4500 z\u0142<\/strong><\/h5>\n","protected":false},"excerpt":{"rendered":"<p>D\u0142ugo\u015b\u0107 260 cm Szeroko\u015b\u0107 60 cm Cena netto: 4500 z\u0142<\/p>\n","protected":false},"featured_media":5182,"template":"","meta":[],"product_brand":[],"product_cat":[28,21],"product_tag":[],"class_list":{"0":"post-5181","1":"product","2":"type-product","3":"status-publish","4":"has-post-thumbnail","6":"product_cat-tasmociagi","7":"product_cat-urzadzenia","9":"first","10":"instock","11":"shipping-taxable","12":"product-type-simple"},"_links":{"self":[{"href":"https:\/\/mkvplast.pl\/index.php\/wp-json\/wp\/v2\/product\/5181","targetHints":{"allow":["GET"]}}],"collection":[{"href":"https:\/\/mkvplast.pl\/index.php\/wp-json\/wp\/v2\/product"}],"about":[{"href":"https:\/\/mkvplast.pl\/index.php\/wp-json\/wp\/v2\/types\/product"}],"wp:featuredmedia":[{"embeddable":true,"href":"https:\/\/mkvplast.pl\/index.php\/wp-json\/wp\/v2\/media\/5182"}],"wp:attachment":[{"href":"https:\/\/mkvplast.pl\/index.php\/wp-json\/wp\/v2\/media?parent=5181"}],"wp:term":[{"taxonomy":"product_brand","embeddable":true,"href":"https:\/\/mkvplast.pl\/index.php\/wp-json\/wp\/v2\/product_brand?post=5181"},{"taxonomy":"product_cat","embeddable":true,"href":"https:\/\/mkvplast.pl\/index.php\/wp-json\/wp\/v2\/product_cat?post=5181"},{"taxonomy":"product_tag","embeddable":true,"href":"https:\/\/mkvplast.pl\/index.php\/wp-json\/wp\/v2\/product_tag?post=5181"}],"curies":[{"name":"wp","href":"https:\/\/api.w.org\/{rel}","templated":true}]}}