{"id":4971,"date":"2025-05-07T13:37:31","date_gmt":"2025-05-07T11:37:31","guid":{"rendered":"https:\/\/mkvplast.pl\/?post_type=product&#038;p=4971"},"modified":"2025-11-01T08:49:14","modified_gmt":"2025-11-01T07:49:14","slug":"silosy-na-tworzywo","status":"publish","type":"product","link":"https:\/\/mkvplast.pl\/index.php\/product\/silosy-na-tworzywo\/","title":{"rendered":"Silosy na tworzywo &#8211; OBNI\u017bKA CENY!"},"content":{"rendered":"<h5><strong>Izolowane silosy na tworzywo z suszarki Lanco<\/strong><br \/>\n<strong>Dost\u0119pne 4 sztuki<\/strong><br \/>\n<strong>Cz\u0119\u015bciowo z dodatkowym grzaniem<\/strong><br \/>\n<strong>Cena netto: 500 z\u0142 \/ sztuka<\/strong><\/h5>\n","protected":false},"excerpt":{"rendered":"<p>Izolowane silosy na tworzywo z suszarki Lanco Dost\u0119pne 4 sztuki Cz\u0119\u015bciowo z dodatkowym grzaniem Cena netto: 500 z\u0142 \/ sztuka<\/p>\n","protected":false},"featured_media":4972,"template":"","meta":[],"product_brand":[],"product_cat":[22],"product_tag":[],"class_list":{"0":"post-4971","1":"product","2":"type-product","3":"status-publish","4":"has-post-thumbnail","6":"product_cat-czesci","8":"first","9":"instock","10":"shipping-taxable","11":"product-type-simple"},"_links":{"self":[{"href":"https:\/\/mkvplast.pl\/index.php\/wp-json\/wp\/v2\/product\/4971","targetHints":{"allow":["GET"]}}],"collection":[{"href":"https:\/\/mkvplast.pl\/index.php\/wp-json\/wp\/v2\/product"}],"about":[{"href":"https:\/\/mkvplast.pl\/index.php\/wp-json\/wp\/v2\/types\/product"}],"wp:featuredmedia":[{"embeddable":true,"href":"https:\/\/mkvplast.pl\/index.php\/wp-json\/wp\/v2\/media\/4972"}],"wp:attachment":[{"href":"https:\/\/mkvplast.pl\/index.php\/wp-json\/wp\/v2\/media?parent=4971"}],"wp:term":[{"taxonomy":"product_brand","embeddable":true,"href":"https:\/\/mkvplast.pl\/index.php\/wp-json\/wp\/v2\/product_brand?post=4971"},{"taxonomy":"product_cat","embeddable":true,"href":"https:\/\/mkvplast.pl\/index.php\/wp-json\/wp\/v2\/product_cat?post=4971"},{"taxonomy":"product_tag","embeddable":true,"href":"https:\/\/mkvplast.pl\/index.php\/wp-json\/wp\/v2\/product_tag?post=4971"}],"curies":[{"name":"wp","href":"https:\/\/api.w.org\/{rel}","templated":true}]}}