{"id":4822,"date":"2025-04-26T16:34:51","date_gmt":"2025-04-26T14:34:51","guid":{"rendered":"https:\/\/mkvplast.pl\/?post_type=product&#038;p=4822"},"modified":"2025-09-24T19:06:07","modified_gmt":"2025-09-24T17:06:07","slug":"tasmociag-plaski-stol-roboczy-600-x-200-cm","status":"publish","type":"product","link":"https:\/\/mkvplast.pl\/index.php\/product\/tasmociag-plaski-stol-roboczy-600-x-200-cm\/","title":{"rendered":"Ta\u015bmoci\u0105g p\u0142aski, st\u00f3\u0142 roboczy 6000 x 2000 mm"},"content":{"rendered":"<h5><strong>Producent: MB Conveyors<\/strong><br \/>\n<strong>Model: PA ALL<\/strong><br \/>\n<strong>Rok produkcji: 2018<\/strong><br \/>\n<strong>D\u0142ugo\u015b\u0107: 600 cm<\/strong><br \/>\n<strong>Szeroko\u015b\u0107: 200 cm<\/strong><br \/>\n<strong>Ta\u015bmoci\u0105g, jak nowy!<\/strong><br \/>\n<strong>Cena netto: 13.600 z\u0142<\/strong><\/h5>\n","protected":false},"excerpt":{"rendered":"<p>Producent: MB Conveyors Model: PA ALL Rok produkcji: 2018 D\u0142ugo\u015b\u0107: 600 cm Szeroko\u015b\u0107: 200 cm Ta\u015bmoci\u0105g, jak nowy! Cena netto: 13.600 z\u0142<\/p>\n","protected":false},"featured_media":5443,"template":"","meta":[],"product_brand":[],"product_cat":[28,21],"product_tag":[],"class_list":{"0":"post-4822","1":"product","2":"type-product","3":"status-publish","4":"has-post-thumbnail","6":"product_cat-tasmociagi","7":"product_cat-urzadzenia","9":"first","10":"instock","11":"shipping-taxable","12":"product-type-simple"},"_links":{"self":[{"href":"https:\/\/mkvplast.pl\/index.php\/wp-json\/wp\/v2\/product\/4822","targetHints":{"allow":["GET"]}}],"collection":[{"href":"https:\/\/mkvplast.pl\/index.php\/wp-json\/wp\/v2\/product"}],"about":[{"href":"https:\/\/mkvplast.pl\/index.php\/wp-json\/wp\/v2\/types\/product"}],"wp:featuredmedia":[{"embeddable":true,"href":"https:\/\/mkvplast.pl\/index.php\/wp-json\/wp\/v2\/media\/5443"}],"wp:attachment":[{"href":"https:\/\/mkvplast.pl\/index.php\/wp-json\/wp\/v2\/media?parent=4822"}],"wp:term":[{"taxonomy":"product_brand","embeddable":true,"href":"https:\/\/mkvplast.pl\/index.php\/wp-json\/wp\/v2\/product_brand?post=4822"},{"taxonomy":"product_cat","embeddable":true,"href":"https:\/\/mkvplast.pl\/index.php\/wp-json\/wp\/v2\/product_cat?post=4822"},{"taxonomy":"product_tag","embeddable":true,"href":"https:\/\/mkvplast.pl\/index.php\/wp-json\/wp\/v2\/product_tag?post=4822"}],"curies":[{"name":"wp","href":"https:\/\/api.w.org\/{rel}","templated":true}]}}