{"id":4634,"date":"2025-04-04T21:30:37","date_gmt":"2025-04-04T19:30:37","guid":{"rendered":"https:\/\/mkvplast.pl\/?post_type=product&#038;p=4634"},"modified":"2026-02-26T09:34:37","modified_gmt":"2026-02-26T08:34:37","slug":"tasmociag-prosty-400-x-80-cm","status":"publish","type":"product","link":"https:\/\/mkvplast.pl\/index.php\/product\/tasmociag-prosty-400-x-80-cm\/","title":{"rendered":"Ta\u015bmoci\u0105g prosty 400 x 80 cm"},"content":{"rendered":"<div style=\"width: 750px;\" class=\"wp-video\"><video class=\"wp-video-shortcode\" id=\"video-4634-1\" width=\"750\" height=\"418\" preload=\"metadata\" controls=\"controls\"><source type=\"video\/mp4\" src=\"https:\/\/mkvplast.pl\/wp-content\/uploads\/2025\/04\/VID-20260225-WA0021.mp4?_=1\" \/><a href=\"https:\/\/mkvplast.pl\/wp-content\/uploads\/2025\/04\/VID-20260225-WA0021.mp4\">https:\/\/mkvplast.pl\/wp-content\/uploads\/2025\/04\/VID-20260225-WA0021.mp4<\/a><\/video><\/div>\n<h5><strong>Producent Virginio Nastri<\/strong><br \/>\n<strong>D\u0142ugo\u015b\u0107: 400 cm<\/strong><br \/>\n<strong>Szeroko\u015b\u0107 80 cm<\/strong><br \/>\n<strong>Cena netto: 7000 z\u0142<\/strong><\/h5>\n","protected":false},"excerpt":{"rendered":"<p>Producent Virginio Nastri D\u0142ugo\u015b\u0107: 400 cm Szeroko\u015b\u0107 80 cm Cena netto: 7000 z\u0142<\/p>\n","protected":false},"featured_media":4643,"template":"","meta":[],"product_brand":[],"product_cat":[28,21],"product_tag":[],"class_list":{"0":"post-4634","1":"product","2":"type-product","3":"status-publish","4":"has-post-thumbnail","6":"product_cat-tasmociagi","7":"product_cat-urzadzenia","9":"first","10":"instock","11":"shipping-taxable","12":"product-type-simple"},"_links":{"self":[{"href":"https:\/\/mkvplast.pl\/index.php\/wp-json\/wp\/v2\/product\/4634","targetHints":{"allow":["GET"]}}],"collection":[{"href":"https:\/\/mkvplast.pl\/index.php\/wp-json\/wp\/v2\/product"}],"about":[{"href":"https:\/\/mkvplast.pl\/index.php\/wp-json\/wp\/v2\/types\/product"}],"wp:featuredmedia":[{"embeddable":true,"href":"https:\/\/mkvplast.pl\/index.php\/wp-json\/wp\/v2\/media\/4643"}],"wp:attachment":[{"href":"https:\/\/mkvplast.pl\/index.php\/wp-json\/wp\/v2\/media?parent=4634"}],"wp:term":[{"taxonomy":"product_brand","embeddable":true,"href":"https:\/\/mkvplast.pl\/index.php\/wp-json\/wp\/v2\/product_brand?post=4634"},{"taxonomy":"product_cat","embeddable":true,"href":"https:\/\/mkvplast.pl\/index.php\/wp-json\/wp\/v2\/product_cat?post=4634"},{"taxonomy":"product_tag","embeddable":true,"href":"https:\/\/mkvplast.pl\/index.php\/wp-json\/wp\/v2\/product_tag?post=4634"}],"curies":[{"name":"wp","href":"https:\/\/api.w.org\/{rel}","templated":true}]}}