{"id":4340,"date":"2025-03-14T13:57:19","date_gmt":"2025-03-14T12:57:19","guid":{"rendered":"https:\/\/mkvplast.pl\/?post_type=product&#038;p=4340"},"modified":"2026-02-20T08:18:15","modified_gmt":"2026-02-20T07:18:15","slug":"mlyn-tria-3-kw-7","status":"publish","type":"product","link":"https:\/\/mkvplast.pl\/index.php\/product\/mlyn-tria-3-kw-7\/","title":{"rendered":"M\u0142yn Tria 3 kW"},"content":{"rendered":"<h5><strong>Model 22-18 BL-T<\/strong><br \/>\n<strong>3 no\u017ce ruchome<\/strong><br \/>\n<strong>2 no\u017ce sta\u0142e<\/strong><br \/>\n<strong>Wlot na no\u017ce 220 x 180 mm<\/strong><br \/>\n<strong>Moc 3 kW<\/strong><br \/>\n<strong>Cena netto: 4000 z\u0142<\/strong><\/h5>\n","protected":false},"excerpt":{"rendered":"<p>Model 22-18 BL-T 3 no\u017ce ruchome 2 no\u017ce sta\u0142e Wlot na no\u017ce 220 x 180 mm Moc 3 kW Cena netto: 4000 z\u0142<\/p>\n","protected":false},"featured_media":4342,"template":"","meta":[],"product_brand":[],"product_cat":[27,21],"product_tag":[],"class_list":{"0":"post-4340","1":"product","2":"type-product","3":"status-publish","4":"has-post-thumbnail","6":"product_cat-mlyny","7":"product_cat-urzadzenia","9":"first","10":"instock","11":"shipping-taxable","12":"product-type-simple"},"_links":{"self":[{"href":"https:\/\/mkvplast.pl\/index.php\/wp-json\/wp\/v2\/product\/4340","targetHints":{"allow":["GET"]}}],"collection":[{"href":"https:\/\/mkvplast.pl\/index.php\/wp-json\/wp\/v2\/product"}],"about":[{"href":"https:\/\/mkvplast.pl\/index.php\/wp-json\/wp\/v2\/types\/product"}],"wp:featuredmedia":[{"embeddable":true,"href":"https:\/\/mkvplast.pl\/index.php\/wp-json\/wp\/v2\/media\/4342"}],"wp:attachment":[{"href":"https:\/\/mkvplast.pl\/index.php\/wp-json\/wp\/v2\/media?parent=4340"}],"wp:term":[{"taxonomy":"product_brand","embeddable":true,"href":"https:\/\/mkvplast.pl\/index.php\/wp-json\/wp\/v2\/product_brand?post=4340"},{"taxonomy":"product_cat","embeddable":true,"href":"https:\/\/mkvplast.pl\/index.php\/wp-json\/wp\/v2\/product_cat?post=4340"},{"taxonomy":"product_tag","embeddable":true,"href":"https:\/\/mkvplast.pl\/index.php\/wp-json\/wp\/v2\/product_tag?post=4340"}],"curies":[{"name":"wp","href":"https:\/\/api.w.org\/{rel}","templated":true}]}}