{"id":4135,"date":"2025-02-21T22:07:29","date_gmt":"2025-02-21T21:07:29","guid":{"rendered":"https:\/\/mkvplast.pl\/?post_type=product&#038;p=4135"},"modified":"2026-04-10T17:01:30","modified_gmt":"2026-04-10T15:01:30","slug":"mlyn-tria-3-kw-6","status":"publish","type":"product","link":"https:\/\/mkvplast.pl\/index.php\/product\/mlyn-tria-3-kw-6\/","title":{"rendered":"M\u0142yn Tria 3 kW &#8211; 5 sztuk"},"content":{"rendered":"<h5><strong>3 no\u017ce ruchome<\/strong><br \/>\n<strong>2 no\u017ce sta\u0142e<\/strong><br \/>\n<strong>Wlot na no\u017ce 220 x 200 mm<\/strong><br \/>\n<strong>Moc 3 kW<\/strong><br \/>\n<strong>Dost\u0119pnych 5 sztuk<\/strong><br \/>\n<strong>Cena netto: 4000 z\u0142 \/ sztuka<\/strong><\/h5>\n","protected":false},"excerpt":{"rendered":"<p>3 no\u017ce ruchome 2 no\u017ce sta\u0142e Wlot na no\u017ce 220 x 200 mm Moc 3 kW Dost\u0119pnych 5 sztuk Cena netto: 4000 z\u0142 \/ sztuka<\/p>\n","protected":false},"featured_media":4136,"template":"","meta":[],"product_brand":[],"product_cat":[27,21],"product_tag":[],"class_list":{"0":"post-4135","1":"product","2":"type-product","3":"status-publish","4":"has-post-thumbnail","6":"product_cat-mlyny","7":"product_cat-urzadzenia","9":"first","10":"instock","11":"shipping-taxable","12":"product-type-simple"},"_links":{"self":[{"href":"https:\/\/mkvplast.pl\/index.php\/wp-json\/wp\/v2\/product\/4135","targetHints":{"allow":["GET"]}}],"collection":[{"href":"https:\/\/mkvplast.pl\/index.php\/wp-json\/wp\/v2\/product"}],"about":[{"href":"https:\/\/mkvplast.pl\/index.php\/wp-json\/wp\/v2\/types\/product"}],"wp:featuredmedia":[{"embeddable":true,"href":"https:\/\/mkvplast.pl\/index.php\/wp-json\/wp\/v2\/media\/4136"}],"wp:attachment":[{"href":"https:\/\/mkvplast.pl\/index.php\/wp-json\/wp\/v2\/media?parent=4135"}],"wp:term":[{"taxonomy":"product_brand","embeddable":true,"href":"https:\/\/mkvplast.pl\/index.php\/wp-json\/wp\/v2\/product_brand?post=4135"},{"taxonomy":"product_cat","embeddable":true,"href":"https:\/\/mkvplast.pl\/index.php\/wp-json\/wp\/v2\/product_cat?post=4135"},{"taxonomy":"product_tag","embeddable":true,"href":"https:\/\/mkvplast.pl\/index.php\/wp-json\/wp\/v2\/product_tag?post=4135"}],"curies":[{"name":"wp","href":"https:\/\/api.w.org\/{rel}","templated":true}]}}