{"id":4030,"date":"2025-02-17T19:50:11","date_gmt":"2025-02-17T18:50:11","guid":{"rendered":"https:\/\/mkvplast.pl\/?post_type=product&#038;p=4030"},"modified":"2025-05-10T13:45:05","modified_gmt":"2025-05-10T11:45:05","slug":"tasmociag-lamany-l-130-100-x-40-cm","status":"publish","type":"product","link":"https:\/\/mkvplast.pl\/index.php\/product\/tasmociag-lamany-l-130-100-x-40-cm\/","title":{"rendered":"Ta\u015bmoci\u0105g \u0142amany L 130\/100 x 40 cm"},"content":{"rendered":"<h5>D\u0142ugo\u015b\u0107 130\/100 cm<br \/>\nSzeroko\u015b\u0107 40 cm<br \/>\nCena netto: 3500 z\u0142<\/h5>\n","protected":false},"excerpt":{"rendered":"<p>D\u0142ugo\u015b\u0107 130\/100 cm Szeroko\u015b\u0107 40 cm Cena netto: 3500 z\u0142<\/p>\n","protected":false},"featured_media":4032,"template":"","meta":[],"product_brand":[],"product_cat":[28,21],"product_tag":[],"class_list":{"0":"post-4030","1":"product","2":"type-product","3":"status-publish","4":"has-post-thumbnail","6":"product_cat-tasmociagi","7":"product_cat-urzadzenia","9":"first","10":"instock","11":"shipping-taxable","12":"product-type-simple"},"_links":{"self":[{"href":"https:\/\/mkvplast.pl\/index.php\/wp-json\/wp\/v2\/product\/4030","targetHints":{"allow":["GET"]}}],"collection":[{"href":"https:\/\/mkvplast.pl\/index.php\/wp-json\/wp\/v2\/product"}],"about":[{"href":"https:\/\/mkvplast.pl\/index.php\/wp-json\/wp\/v2\/types\/product"}],"wp:featuredmedia":[{"embeddable":true,"href":"https:\/\/mkvplast.pl\/index.php\/wp-json\/wp\/v2\/media\/4032"}],"wp:attachment":[{"href":"https:\/\/mkvplast.pl\/index.php\/wp-json\/wp\/v2\/media?parent=4030"}],"wp:term":[{"taxonomy":"product_brand","embeddable":true,"href":"https:\/\/mkvplast.pl\/index.php\/wp-json\/wp\/v2\/product_brand?post=4030"},{"taxonomy":"product_cat","embeddable":true,"href":"https:\/\/mkvplast.pl\/index.php\/wp-json\/wp\/v2\/product_cat?post=4030"},{"taxonomy":"product_tag","embeddable":true,"href":"https:\/\/mkvplast.pl\/index.php\/wp-json\/wp\/v2\/product_tag?post=4030"}],"curies":[{"name":"wp","href":"https:\/\/api.w.org\/{rel}","templated":true}]}}