{"id":3930,"date":"2025-01-29T18:20:09","date_gmt":"2025-01-29T17:20:09","guid":{"rendered":"https:\/\/mkvplast.pl\/?post_type=product&#038;p=3930"},"modified":"2025-09-11T13:36:47","modified_gmt":"2025-09-11T11:36:47","slug":"suszarka-sprezonego-powietrza-fasti","status":"publish","type":"product","link":"https:\/\/mkvplast.pl\/index.php\/product\/suszarka-sprezonego-powietrza-fasti\/","title":{"rendered":"Suszarka spr\u0119\u017conego powietrza Fasti"},"content":{"rendered":"<h5><strong>Producent Fasti<\/strong><br \/>\n<strong>Model ERD 65 B<\/strong><br \/>\n<strong>Moc pod\u0142\u0105czeniowa 0,9 kW<\/strong><br \/>\n<strong>Cena netto: 3500 z\u0142<\/strong><\/h5>\n","protected":false},"excerpt":{"rendered":"<p>Producent Fasti Model ERD 65 B Moc pod\u0142\u0105czeniowa 0,9 kW Cena netto: 3500 z\u0142<\/p>\n","protected":false},"featured_media":5408,"template":"","meta":[],"product_brand":[],"product_cat":[26,21],"product_tag":[],"class_list":{"0":"post-3930","1":"product","2":"type-product","3":"status-publish","4":"has-post-thumbnail","6":"product_cat-suszarki","7":"product_cat-urzadzenia","9":"first","10":"instock","11":"shipping-taxable","12":"product-type-simple"},"_links":{"self":[{"href":"https:\/\/mkvplast.pl\/index.php\/wp-json\/wp\/v2\/product\/3930","targetHints":{"allow":["GET"]}}],"collection":[{"href":"https:\/\/mkvplast.pl\/index.php\/wp-json\/wp\/v2\/product"}],"about":[{"href":"https:\/\/mkvplast.pl\/index.php\/wp-json\/wp\/v2\/types\/product"}],"wp:featuredmedia":[{"embeddable":true,"href":"https:\/\/mkvplast.pl\/index.php\/wp-json\/wp\/v2\/media\/5408"}],"wp:attachment":[{"href":"https:\/\/mkvplast.pl\/index.php\/wp-json\/wp\/v2\/media?parent=3930"}],"wp:term":[{"taxonomy":"product_brand","embeddable":true,"href":"https:\/\/mkvplast.pl\/index.php\/wp-json\/wp\/v2\/product_brand?post=3930"},{"taxonomy":"product_cat","embeddable":true,"href":"https:\/\/mkvplast.pl\/index.php\/wp-json\/wp\/v2\/product_cat?post=3930"},{"taxonomy":"product_tag","embeddable":true,"href":"https:\/\/mkvplast.pl\/index.php\/wp-json\/wp\/v2\/product_tag?post=3930"}],"curies":[{"name":"wp","href":"https:\/\/api.w.org\/{rel}","templated":true}]}}