{"id":3690,"date":"2024-11-25T10:45:47","date_gmt":"2024-11-25T09:45:47","guid":{"rendered":"https:\/\/mkvplast.pl\/?post_type=product&#038;p=3690"},"modified":"2024-11-25T10:45:47","modified_gmt":"2024-11-25T09:45:47","slug":"grzalka-opaskowa-85-x-125-mm","status":"publish","type":"product","link":"https:\/\/mkvplast.pl\/index.php\/product\/grzalka-opaskowa-85-x-125-mm\/","title":{"rendered":"Grza\u0142ka opaskowa 85 x 125 mm"},"content":{"rendered":"<h5><strong>Producent Krauss Maffei<\/strong><br \/>\n<strong>\u015arednica 85 mm<\/strong><br \/>\n<strong>Szeroko\u015b\u0107 125 mm<\/strong><br \/>\n<strong>Moc 1700 Watt<\/strong><br \/>\n<strong>Nowa grza\u0142ka z przewodem<\/strong><br \/>\n<strong>Cena netto: 300 z\u0142<\/strong><\/h5>\n","protected":false},"excerpt":{"rendered":"<p>Producent Krauss Maffei \u015arednica 85 mm Szeroko\u015b\u0107 125 mm Moc 1700 Watt Nowa grza\u0142ka z przewodem Cena netto: 300 z\u0142<\/p>\n","protected":false},"featured_media":3694,"template":"","meta":[],"product_brand":[],"product_cat":[22],"product_tag":[],"class_list":{"0":"post-3690","1":"product","2":"type-product","3":"status-publish","4":"has-post-thumbnail","6":"product_cat-czesci","8":"first","9":"instock","10":"shipping-taxable","11":"product-type-simple"},"_links":{"self":[{"href":"https:\/\/mkvplast.pl\/index.php\/wp-json\/wp\/v2\/product\/3690","targetHints":{"allow":["GET"]}}],"collection":[{"href":"https:\/\/mkvplast.pl\/index.php\/wp-json\/wp\/v2\/product"}],"about":[{"href":"https:\/\/mkvplast.pl\/index.php\/wp-json\/wp\/v2\/types\/product"}],"wp:featuredmedia":[{"embeddable":true,"href":"https:\/\/mkvplast.pl\/index.php\/wp-json\/wp\/v2\/media\/3694"}],"wp:attachment":[{"href":"https:\/\/mkvplast.pl\/index.php\/wp-json\/wp\/v2\/media?parent=3690"}],"wp:term":[{"taxonomy":"product_brand","embeddable":true,"href":"https:\/\/mkvplast.pl\/index.php\/wp-json\/wp\/v2\/product_brand?post=3690"},{"taxonomy":"product_cat","embeddable":true,"href":"https:\/\/mkvplast.pl\/index.php\/wp-json\/wp\/v2\/product_cat?post=3690"},{"taxonomy":"product_tag","embeddable":true,"href":"https:\/\/mkvplast.pl\/index.php\/wp-json\/wp\/v2\/product_tag?post=3690"}],"curies":[{"name":"wp","href":"https:\/\/api.w.org\/{rel}","templated":true}]}}