{"id":3585,"date":"2024-10-28T19:41:07","date_gmt":"2024-10-28T18:41:07","guid":{"rendered":"https:\/\/mkvplast.pl\/?post_type=product&#038;p=3585"},"modified":"2024-10-28T19:41:08","modified_gmt":"2024-10-28T18:41:08","slug":"grzalki-na-cylinder-wtryskowy-fi-100-mm-x-80-mm-2-sztuki","status":"publish","type":"product","link":"https:\/\/mkvplast.pl\/index.php\/product\/grzalki-na-cylinder-wtryskowy-fi-100-mm-x-80-mm-2-sztuki\/","title":{"rendered":"Grza\u0142ki na cylinder wtryskowy fi 100 mm x 80 mm &#8211; 2 sztuki"},"content":{"rendered":"<h5><strong>\u015arednica 100 mm<\/strong><br \/>\n<strong>Szeroko\u015b\u0107 80 mm<\/strong><br \/>\n<strong>Moc 1000 Watt<\/strong><br \/>\n<strong>Nowe grza\u0142ki z przewodem 2 sztuki<\/strong><br \/>\n<strong>Cena netto: 200 z\u0142 \/ sztuka<\/strong><\/h5>\n","protected":false},"excerpt":{"rendered":"<p>\u015arednica 100 mm Szeroko\u015b\u0107 80 mm Moc 1000 Watt Nowe grza\u0142ki z przewodem 2 sztuki Cena netto: 200 z\u0142 \/ sztuka<\/p>\n","protected":false},"featured_media":3586,"template":"","meta":[],"product_brand":[],"product_cat":[22],"product_tag":[],"class_list":{"0":"post-3585","1":"product","2":"type-product","3":"status-publish","4":"has-post-thumbnail","6":"product_cat-czesci","8":"first","9":"instock","10":"shipping-taxable","11":"product-type-simple"},"_links":{"self":[{"href":"https:\/\/mkvplast.pl\/index.php\/wp-json\/wp\/v2\/product\/3585","targetHints":{"allow":["GET"]}}],"collection":[{"href":"https:\/\/mkvplast.pl\/index.php\/wp-json\/wp\/v2\/product"}],"about":[{"href":"https:\/\/mkvplast.pl\/index.php\/wp-json\/wp\/v2\/types\/product"}],"wp:featuredmedia":[{"embeddable":true,"href":"https:\/\/mkvplast.pl\/index.php\/wp-json\/wp\/v2\/media\/3586"}],"wp:attachment":[{"href":"https:\/\/mkvplast.pl\/index.php\/wp-json\/wp\/v2\/media?parent=3585"}],"wp:term":[{"taxonomy":"product_brand","embeddable":true,"href":"https:\/\/mkvplast.pl\/index.php\/wp-json\/wp\/v2\/product_brand?post=3585"},{"taxonomy":"product_cat","embeddable":true,"href":"https:\/\/mkvplast.pl\/index.php\/wp-json\/wp\/v2\/product_cat?post=3585"},{"taxonomy":"product_tag","embeddable":true,"href":"https:\/\/mkvplast.pl\/index.php\/wp-json\/wp\/v2\/product_tag?post=3585"}],"curies":[{"name":"wp","href":"https:\/\/api.w.org\/{rel}","templated":true}]}}