{"id":3574,"date":"2024-10-28T19:26:57","date_gmt":"2024-10-28T18:26:57","guid":{"rendered":"https:\/\/mkvplast.pl\/?post_type=product&#038;p=3574"},"modified":"2024-10-28T19:26:57","modified_gmt":"2024-10-28T18:26:57","slug":"grzalka-na-cylinder-wtryskowy-fi-78-mm-x-190-mm","status":"publish","type":"product","link":"https:\/\/mkvplast.pl\/index.php\/product\/grzalka-na-cylinder-wtryskowy-fi-78-mm-x-190-mm\/","title":{"rendered":"Grza\u0142ka na cylinder wtryskowy fi 78 mm x 190 mm"},"content":{"rendered":"<h5><strong>\u015arednica 78 mm<\/strong><br \/>\n<strong>Szeroko\u015b\u0107 190 mm<\/strong><br \/>\n<strong>Moc 2200 Watt<\/strong><br \/>\n<strong>Nowa grza\u0142ka<\/strong><br \/>\n<strong>Cena netto: 300 z\u0142<\/strong><\/h5>\n","protected":false},"excerpt":{"rendered":"<p>\u015arednica 78 mm Szeroko\u015b\u0107 190 mm Moc 2200 Watt Nowa grza\u0142ka Cena netto: 300 z\u0142<\/p>\n","protected":false},"featured_media":3575,"template":"","meta":[],"product_brand":[],"product_cat":[22],"product_tag":[],"class_list":{"0":"post-3574","1":"product","2":"type-product","3":"status-publish","4":"has-post-thumbnail","6":"product_cat-czesci","8":"first","9":"instock","10":"shipping-taxable","11":"product-type-simple"},"_links":{"self":[{"href":"https:\/\/mkvplast.pl\/index.php\/wp-json\/wp\/v2\/product\/3574","targetHints":{"allow":["GET"]}}],"collection":[{"href":"https:\/\/mkvplast.pl\/index.php\/wp-json\/wp\/v2\/product"}],"about":[{"href":"https:\/\/mkvplast.pl\/index.php\/wp-json\/wp\/v2\/types\/product"}],"wp:featuredmedia":[{"embeddable":true,"href":"https:\/\/mkvplast.pl\/index.php\/wp-json\/wp\/v2\/media\/3575"}],"wp:attachment":[{"href":"https:\/\/mkvplast.pl\/index.php\/wp-json\/wp\/v2\/media?parent=3574"}],"wp:term":[{"taxonomy":"product_brand","embeddable":true,"href":"https:\/\/mkvplast.pl\/index.php\/wp-json\/wp\/v2\/product_brand?post=3574"},{"taxonomy":"product_cat","embeddable":true,"href":"https:\/\/mkvplast.pl\/index.php\/wp-json\/wp\/v2\/product_cat?post=3574"},{"taxonomy":"product_tag","embeddable":true,"href":"https:\/\/mkvplast.pl\/index.php\/wp-json\/wp\/v2\/product_tag?post=3574"}],"curies":[{"name":"wp","href":"https:\/\/api.w.org\/{rel}","templated":true}]}}