{"id":3245,"date":"2024-08-30T09:48:06","date_gmt":"2024-08-30T07:48:06","guid":{"rendered":"https:\/\/mkvplast.pl\/?post_type=product&#038;p=3245"},"modified":"2024-08-30T09:48:51","modified_gmt":"2024-08-30T07:48:51","slug":"3245","status":"publish","type":"product","link":"https:\/\/mkvplast.pl\/index.php\/product\/3245\/","title":{"rendered":"Zesp\u00f3\u0142 pomp Bosch + Parker"},"content":{"rendered":"<h5><strong>Pompa g\u0142\u00f3wna<\/strong><br \/>\n<strong>Bosch<\/strong><br \/>\n<strong>Model 518 216 509<\/strong><br \/>\n<strong>Pompa podtrzymuj\u0105ca<\/strong><br \/>\n<strong>Parker<\/strong><br \/>\n<strong>Model PAV 6.3<\/strong><br \/>\n<strong>Cena netto kompletu: 5000 z\u0142<\/strong><\/h5>\n","protected":false},"excerpt":{"rendered":"<p>Pompa g\u0142\u00f3wna Bosch Model 518 216 509 Pompa podtrzymuj\u0105ca Parker Model PAV 6.3 Cena netto kompletu: 5000 z\u0142<\/p>\n","protected":false},"featured_media":3247,"template":"","meta":[],"product_brand":[],"product_cat":[22],"product_tag":[],"class_list":{"0":"post-3245","1":"product","2":"type-product","3":"status-publish","4":"has-post-thumbnail","6":"product_cat-czesci","8":"first","9":"instock","10":"shipping-taxable","11":"product-type-simple"},"_links":{"self":[{"href":"https:\/\/mkvplast.pl\/index.php\/wp-json\/wp\/v2\/product\/3245","targetHints":{"allow":["GET"]}}],"collection":[{"href":"https:\/\/mkvplast.pl\/index.php\/wp-json\/wp\/v2\/product"}],"about":[{"href":"https:\/\/mkvplast.pl\/index.php\/wp-json\/wp\/v2\/types\/product"}],"wp:featuredmedia":[{"embeddable":true,"href":"https:\/\/mkvplast.pl\/index.php\/wp-json\/wp\/v2\/media\/3247"}],"wp:attachment":[{"href":"https:\/\/mkvplast.pl\/index.php\/wp-json\/wp\/v2\/media?parent=3245"}],"wp:term":[{"taxonomy":"product_brand","embeddable":true,"href":"https:\/\/mkvplast.pl\/index.php\/wp-json\/wp\/v2\/product_brand?post=3245"},{"taxonomy":"product_cat","embeddable":true,"href":"https:\/\/mkvplast.pl\/index.php\/wp-json\/wp\/v2\/product_cat?post=3245"},{"taxonomy":"product_tag","embeddable":true,"href":"https:\/\/mkvplast.pl\/index.php\/wp-json\/wp\/v2\/product_tag?post=3245"}],"curies":[{"name":"wp","href":"https:\/\/api.w.org\/{rel}","templated":true}]}}