{"id":3045,"date":"2024-08-19T11:34:59","date_gmt":"2024-08-19T09:34:59","guid":{"rendered":"https:\/\/mkvplast.pl\/?post_type=product&#038;p=3045"},"modified":"2025-02-21T08:20:15","modified_gmt":"2025-02-21T07:20:15","slug":"battenfeld-hm-45-130-b6","status":"publish","type":"product","link":"https:\/\/mkvplast.pl\/index.php\/product\/battenfeld-hm-45-130-b6\/","title":{"rendered":"Battenfeld HM 45\/130 Unilog B6"},"content":{"rendered":"<h5><strong>Rok produkcji 2009<\/strong><br \/>\n<strong>Godziny pracy 45000 h<\/strong><br \/>\n<strong>Si\u0142a zamykania 45 ton<\/strong><br \/>\n<strong>\u015arednica \u015blimaka 22 mm<\/strong><br \/>\n<strong>Prze\u015bwit mi\u0119dzy kolumnami 320 x 270 mm<\/strong><br \/>\n<strong>Ci\u0105g rdzeni, z\u0142\u0105cze robota<\/strong><br \/>\n<strong>Cena netto: 54000 z\u0142<\/strong><\/h5>\n","protected":false},"excerpt":{"rendered":"<p>Rok produkcji 2009 Godziny pracy 45000 h Si\u0142a zamykania 45 ton \u015arednica \u015blimaka 22 mm Prze\u015bwit mi\u0119dzy kolumnami 320 x 270 mm Ci\u0105g rdzeni, z\u0142\u0105cze robota Cena netto: 54000 z\u0142<\/p>\n","protected":false},"featured_media":3046,"template":"","meta":[],"product_brand":[],"product_cat":[19],"product_tag":[],"class_list":{"0":"post-3045","1":"product","2":"type-product","3":"status-publish","4":"has-post-thumbnail","6":"product_cat-wtryskarki","8":"first","9":"instock","10":"shipping-taxable","11":"purchasable","12":"product-type-simple"},"_links":{"self":[{"href":"https:\/\/mkvplast.pl\/index.php\/wp-json\/wp\/v2\/product\/3045","targetHints":{"allow":["GET"]}}],"collection":[{"href":"https:\/\/mkvplast.pl\/index.php\/wp-json\/wp\/v2\/product"}],"about":[{"href":"https:\/\/mkvplast.pl\/index.php\/wp-json\/wp\/v2\/types\/product"}],"wp:featuredmedia":[{"embeddable":true,"href":"https:\/\/mkvplast.pl\/index.php\/wp-json\/wp\/v2\/media\/3046"}],"wp:attachment":[{"href":"https:\/\/mkvplast.pl\/index.php\/wp-json\/wp\/v2\/media?parent=3045"}],"wp:term":[{"taxonomy":"product_brand","embeddable":true,"href":"https:\/\/mkvplast.pl\/index.php\/wp-json\/wp\/v2\/product_brand?post=3045"},{"taxonomy":"product_cat","embeddable":true,"href":"https:\/\/mkvplast.pl\/index.php\/wp-json\/wp\/v2\/product_cat?post=3045"},{"taxonomy":"product_tag","embeddable":true,"href":"https:\/\/mkvplast.pl\/index.php\/wp-json\/wp\/v2\/product_tag?post=3045"}],"curies":[{"name":"wp","href":"https:\/\/api.w.org\/{rel}","templated":true}]}}