{"id":3042,"date":"2024-08-19T11:31:14","date_gmt":"2024-08-19T09:31:14","guid":{"rendered":"https:\/\/mkvplast.pl\/?post_type=product&#038;p=3042"},"modified":"2025-02-21T08:19:28","modified_gmt":"2025-02-21T07:19:28","slug":"battenfeld-hm-60-210","status":"publish","type":"product","link":"https:\/\/mkvplast.pl\/index.php\/product\/battenfeld-hm-60-210\/","title":{"rendered":"Battenfeld HM 60\/210 Unilog B6"},"content":{"rendered":"<h5><strong>Rok produkcji 2007<\/strong><br \/>\n<strong>Godziny pracy ok. 65000 h<\/strong><br \/>\n<strong>\u015arednica \u015blimaka 30 mm wzmacniany<\/strong><br \/>\n<strong>Si\u0142a zamykania 60 ton<\/strong><br \/>\n<strong>Prze\u015bwit mi\u0119dzy kolumnami 370 x 320 mm<\/strong><br \/>\n<strong>1 ci\u0105g rdzeni, zaw\u00f3r pneumatyczny, 5 x system gor\u0105cych kana\u0142\u00f3w<\/strong><br \/>\n<strong>Cena netto: 58000 z\u0142<\/strong><\/h5>\n","protected":false},"excerpt":{"rendered":"<p>Rok produkcji 2007 Godziny pracy ok. 65000 h \u015arednica \u015blimaka 30 mm wzmacniany Si\u0142a zamykania 60 ton Prze\u015bwit mi\u0119dzy kolumnami 370 x 320 mm 1 ci\u0105g rdzeni, zaw\u00f3r pneumatyczny, 5 x system gor\u0105cych kana\u0142\u00f3w Cena netto: 58000 z\u0142<\/p>\n","protected":false},"featured_media":3043,"template":"","meta":[],"product_brand":[],"product_cat":[19],"product_tag":[],"class_list":{"0":"post-3042","1":"product","2":"type-product","3":"status-publish","4":"has-post-thumbnail","6":"product_cat-wtryskarki","8":"first","9":"instock","10":"shipping-taxable","11":"product-type-simple"},"_links":{"self":[{"href":"https:\/\/mkvplast.pl\/index.php\/wp-json\/wp\/v2\/product\/3042","targetHints":{"allow":["GET"]}}],"collection":[{"href":"https:\/\/mkvplast.pl\/index.php\/wp-json\/wp\/v2\/product"}],"about":[{"href":"https:\/\/mkvplast.pl\/index.php\/wp-json\/wp\/v2\/types\/product"}],"wp:featuredmedia":[{"embeddable":true,"href":"https:\/\/mkvplast.pl\/index.php\/wp-json\/wp\/v2\/media\/3043"}],"wp:attachment":[{"href":"https:\/\/mkvplast.pl\/index.php\/wp-json\/wp\/v2\/media?parent=3042"}],"wp:term":[{"taxonomy":"product_brand","embeddable":true,"href":"https:\/\/mkvplast.pl\/index.php\/wp-json\/wp\/v2\/product_brand?post=3042"},{"taxonomy":"product_cat","embeddable":true,"href":"https:\/\/mkvplast.pl\/index.php\/wp-json\/wp\/v2\/product_cat?post=3042"},{"taxonomy":"product_tag","embeddable":true,"href":"https:\/\/mkvplast.pl\/index.php\/wp-json\/wp\/v2\/product_tag?post=3042"}],"curies":[{"name":"wp","href":"https:\/\/api.w.org\/{rel}","templated":true}]}}