{"id":2654,"date":"2024-02-19T15:15:12","date_gmt":"2024-02-19T14:15:12","guid":{"rendered":"https:\/\/mkvplast.pl\/?post_type=product&#038;p=2654"},"modified":"2025-07-30T09:34:37","modified_gmt":"2025-07-30T07:34:37","slug":"tasmociag-prosty-z-zabierakami-310-x-60-x-3-cm-2","status":"publish","type":"product","link":"https:\/\/mkvplast.pl\/index.php\/product\/tasmociag-prosty-z-zabierakami-310-x-60-x-3-cm-2\/","title":{"rendered":"Ta\u015bmoci\u0105g prosty z zabierakami 310 x 60 x 3 cm"},"content":{"rendered":"<h5>D\u0142ugo\u015b\u0107 ta\u015bmy 310 cm<br \/>\nSzeroko\u015b\u0107 ta\u015bmy 60 cm<br \/>\nWysoko\u015b\u0107 zabierak\u00f3w 3 cm<br \/>\nCena netto: 6000 z\u0142<\/h5>\n","protected":false},"excerpt":{"rendered":"<p>D\u0142ugo\u015b\u0107 ta\u015bmy 310 cm Szeroko\u015b\u0107 ta\u015bmy 60 cm Wysoko\u015b\u0107 zabierak\u00f3w 3 cm Cena netto: 6000 z\u0142<\/p>\n","protected":false},"featured_media":2656,"template":"","meta":[],"product_brand":[],"product_cat":[28,21],"product_tag":[],"class_list":{"0":"post-2654","1":"product","2":"type-product","3":"status-publish","4":"has-post-thumbnail","6":"product_cat-tasmociagi","7":"product_cat-urzadzenia","9":"first","10":"instock","11":"shipping-taxable","12":"product-type-simple"},"_links":{"self":[{"href":"https:\/\/mkvplast.pl\/index.php\/wp-json\/wp\/v2\/product\/2654","targetHints":{"allow":["GET"]}}],"collection":[{"href":"https:\/\/mkvplast.pl\/index.php\/wp-json\/wp\/v2\/product"}],"about":[{"href":"https:\/\/mkvplast.pl\/index.php\/wp-json\/wp\/v2\/types\/product"}],"wp:featuredmedia":[{"embeddable":true,"href":"https:\/\/mkvplast.pl\/index.php\/wp-json\/wp\/v2\/media\/2656"}],"wp:attachment":[{"href":"https:\/\/mkvplast.pl\/index.php\/wp-json\/wp\/v2\/media?parent=2654"}],"wp:term":[{"taxonomy":"product_brand","embeddable":true,"href":"https:\/\/mkvplast.pl\/index.php\/wp-json\/wp\/v2\/product_brand?post=2654"},{"taxonomy":"product_cat","embeddable":true,"href":"https:\/\/mkvplast.pl\/index.php\/wp-json\/wp\/v2\/product_cat?post=2654"},{"taxonomy":"product_tag","embeddable":true,"href":"https:\/\/mkvplast.pl\/index.php\/wp-json\/wp\/v2\/product_tag?post=2654"}],"curies":[{"name":"wp","href":"https:\/\/api.w.org\/{rel}","templated":true}]}}