{"id":2647,"date":"2024-02-19T15:13:10","date_gmt":"2024-02-19T14:13:10","guid":{"rendered":"https:\/\/mkvplast.pl\/?post_type=product&#038;p=2647"},"modified":"2025-07-30T09:35:12","modified_gmt":"2025-07-30T07:35:12","slug":"tasmociag-prosty-z-zabierakami-310-x-60-x-3-cm","status":"publish","type":"product","link":"https:\/\/mkvplast.pl\/index.php\/product\/tasmociag-prosty-z-zabierakami-310-x-60-x-3-cm\/","title":{"rendered":"Ta\u015bmoci\u0105g prosty z zabierakami 310 x 60 x 3 cm"},"content":{"rendered":"<h5><strong>D\u0142ugo\u015b\u0107 ta\u015bmy 310 cm<\/strong><br \/>\n<strong>Szeroko\u015b\u0107 ta\u015bmy 60 cm<\/strong><br \/>\n<strong>Wysoko\u015b\u0107 zabierak\u00f3w 3 cm<\/strong><br \/>\n<strong>Cena netto: 6000 z\u0142<\/strong><\/h5>\n","protected":false},"excerpt":{"rendered":"<p>D\u0142ugo\u015b\u0107 ta\u015bmy 310 cm Szeroko\u015b\u0107 ta\u015bmy 60 cm Wysoko\u015b\u0107 zabierak\u00f3w 3 cm Cena netto: 6000 z\u0142<\/p>\n","protected":false},"featured_media":2650,"template":"","meta":[],"product_brand":[],"product_cat":[28,21],"product_tag":[],"class_list":{"0":"post-2647","1":"product","2":"type-product","3":"status-publish","4":"has-post-thumbnail","6":"product_cat-tasmociagi","7":"product_cat-urzadzenia","9":"first","10":"instock","11":"shipping-taxable","12":"product-type-simple"},"_links":{"self":[{"href":"https:\/\/mkvplast.pl\/index.php\/wp-json\/wp\/v2\/product\/2647","targetHints":{"allow":["GET"]}}],"collection":[{"href":"https:\/\/mkvplast.pl\/index.php\/wp-json\/wp\/v2\/product"}],"about":[{"href":"https:\/\/mkvplast.pl\/index.php\/wp-json\/wp\/v2\/types\/product"}],"wp:featuredmedia":[{"embeddable":true,"href":"https:\/\/mkvplast.pl\/index.php\/wp-json\/wp\/v2\/media\/2650"}],"wp:attachment":[{"href":"https:\/\/mkvplast.pl\/index.php\/wp-json\/wp\/v2\/media?parent=2647"}],"wp:term":[{"taxonomy":"product_brand","embeddable":true,"href":"https:\/\/mkvplast.pl\/index.php\/wp-json\/wp\/v2\/product_brand?post=2647"},{"taxonomy":"product_cat","embeddable":true,"href":"https:\/\/mkvplast.pl\/index.php\/wp-json\/wp\/v2\/product_cat?post=2647"},{"taxonomy":"product_tag","embeddable":true,"href":"https:\/\/mkvplast.pl\/index.php\/wp-json\/wp\/v2\/product_tag?post=2647"}],"curies":[{"name":"wp","href":"https:\/\/api.w.org\/{rel}","templated":true}]}}