{"id":24,"date":"2022-11-01T22:35:54","date_gmt":"2022-11-01T21:35:54","guid":{"rendered":"http:\/\/wordpress2256522.home.pl\/wordpress\/?page_id=24"},"modified":"2023-05-30T14:27:15","modified_gmt":"2023-05-30T12:27:15","slug":"o-nas","status":"publish","type":"page","link":"https:\/\/mkvplast.pl\/index.php\/o-nas\/","title":{"rendered":"O nas"},"content":{"rendered":"\t\t<div data-elementor-type=\"wp-page\" data-elementor-id=\"24\" class=\"elementor elementor-24\">\n\t\t\t\t\t\t<section class=\"elementor-section elementor-top-section elementor-element elementor-element-596bea2 elementor-section-boxed elementor-section-height-default elementor-section-height-default\" data-id=\"596bea2\" data-element_type=\"section\" data-e-type=\"section\">\n\t\t\t\t\t\t<div class=\"elementor-container elementor-column-gap-default\">\n\t\t\t\t\t<div class=\"elementor-column elementor-col-33 elementor-top-column elementor-element elementor-element-0a1b8c1\" data-id=\"0a1b8c1\" data-element_type=\"column\" data-e-type=\"column\">\n\t\t\t<div class=\"elementor-widget-wrap elementor-element-populated\">\n\t\t\t\t\t\t<div class=\"elementor-element elementor-element-c2a9307 elementor-widget elementor-widget-image\" data-id=\"c2a9307\" data-element_type=\"widget\" data-e-type=\"widget\" data-widget_type=\"image.default\">\n\t\t\t\t<div class=\"elementor-widget-container\">\n\t\t\t\t\t\t\t\t\t\t\t\t\t\t\t<img fetchpriority=\"high\" decoding=\"async\" width=\"500\" height=\"500\" src=\"https:\/\/mkvplast.pl\/wp-content\/uploads\/2022\/11\/MKVplast1-1.png\" class=\"attachment-large size-large wp-image-144\" alt=\"\" srcset=\"https:\/\/mkvplast.pl\/wp-content\/uploads\/2022\/11\/MKVplast1-1.png 500w, https:\/\/mkvplast.pl\/wp-content\/uploads\/2022\/11\/MKVplast1-1-230x230.png 230w, https:\/\/mkvplast.pl\/wp-content\/uploads\/2022\/11\/MKVplast1-1-160x160.png 160w, https:\/\/mkvplast.pl\/wp-content\/uploads\/2022\/11\/MKVplast1-1-300x300.png 300w, https:\/\/mkvplast.pl\/wp-content\/uploads\/2022\/11\/MKVplast1-1-150x150.png 150w\" sizes=\"(max-width: 500px) 100vw, 500px\" \/>\t\t\t\t\t\t\t\t\t\t\t\t\t\t\t<\/div>\n\t\t\t\t<\/div>\n\t\t\t\t\t<\/div>\n\t\t<\/div>\n\t\t\t\t<div class=\"elementor-column elementor-col-66 elementor-top-column elementor-element elementor-element-98a1ae5\" data-id=\"98a1ae5\" data-element_type=\"column\" data-e-type=\"column\">\n\t\t\t<div class=\"elementor-widget-wrap elementor-element-populated\">\n\t\t\t\t\t\t<div class=\"elementor-element elementor-element-25b0a32 elementor-widget elementor-widget-text-editor\" data-id=\"25b0a32\" data-element_type=\"widget\" data-e-type=\"widget\" data-widget_type=\"text-editor.default\">\n\t\t\t\t<div class=\"elementor-widget-container\">\n\t\t\t\t\t\t\t\t\t<p><strong>MKVplast<\/strong> powsta\u0142a w Bia\u0142ogardzie w wojew\u00f3dztwie zachodniopomorskim. Od pocz\u0105tku naszej dzia\u0142alno\u015bci cechuje nas wysoka jako\u015b\u0107 \u015bwiadczonych us\u0142ug oraz budowanie sta\u0142ych relacji z kontrahentami. G\u0142\u00f3wnym przedmiotem dzia\u0142alno\u015bci firmy jest handel u\u017cywanymi wtryskarkami firm Arburg, Demag, Engel, Battenfeld, Klockner Ferromatic i Krauss Maffei.<\/p><p>Wszystkie maszyny kupujemy w Europie Zachodniej, nast\u0119pnie s\u0105 one remontowane, naprawiane i uruchamiane przez naszych profesjonalnych pracownik\u00f3w. Wykonujemy r\u00f3wnie\u017c testy zar\u00f3wno naszych form jak i form naszych klient\u00f3w. Wsp\u00f3\u0142pracujemy z firmami serwisowymi dzi\u0119ki czemu ka\u017cda maszyna jest sprawdzona i gotowa do u\u017cytkowania.<\/p><p>Dzi\u0119ki licznym kontaktom mi\u0119dzynarodowym z firmami zagranicznymi, na \u017cyczenie klienta jeste\u015bmy w stanie w kr\u00f3tkim czasie zdoby\u0107 interesuj\u0105c\u0105 go wtryskark\u0119, za\u0142atwi\u0107 wszelkie formalno\u015bci celne, za\u0142adunek i transport.<\/p><p>Jeste\u015bmy r\u00f3wnie\u017c w stanie zapewni\u0107 wyposa\u017cenie takie jak:<\/p><ul><li>m\u0142yny,<\/li><li>przeno\u015bniki ta\u015bmowe,<\/li><li>regulatory temperatury,<\/li><li>podajniki ko\u0144cowe.<\/li><\/ul><p>Wszystkie maszyny s\u0105 sprawdzone i przygotowane do produkcji.<\/p><p>Zadowolenie kontrahenta i dobra wsp\u00f3\u0142praca stanowi\u0105 g\u0142\u00f3wny cel naszej dzia\u0142alno\u015bci.<\/p>\t\t\t\t\t\t\t\t<\/div>\n\t\t\t\t<\/div>\n\t\t\t\t\t<\/div>\n\t\t<\/div>\n\t\t\t\t\t<\/div>\n\t\t<\/section>\n\t\t\t\t<section class=\"elementor-section elementor-top-section elementor-element elementor-element-d39e4fd elementor-section-boxed elementor-section-height-default elementor-section-height-default\" data-id=\"d39e4fd\" data-element_type=\"section\" data-e-type=\"section\">\n\t\t\t\t\t\t<div class=\"elementor-container elementor-column-gap-default\">\n\t\t\t\t\t<div class=\"elementor-column elementor-col-100 elementor-top-column elementor-element elementor-element-9fbc8c3\" data-id=\"9fbc8c3\" data-element_type=\"column\" data-e-type=\"column\">\n\t\t\t<div class=\"elementor-widget-wrap elementor-element-populated\">\n\t\t\t\t\t\t<div class=\"elementor-element elementor-element-90e7f3b elementor-widget elementor-widget-spacer\" data-id=\"90e7f3b\" data-element_type=\"widget\" data-e-type=\"widget\" data-widget_type=\"spacer.default\">\n\t\t\t\t<div class=\"elementor-widget-container\">\n\t\t\t\t\t\t\t<div class=\"elementor-spacer\">\n\t\t\t<div class=\"elementor-spacer-inner\"><\/div>\n\t\t<\/div>\n\t\t\t\t\t\t<\/div>\n\t\t\t\t<\/div>\n\t\t\t\t<div class=\"elementor-element elementor-element-921d08b elementor-widget-divider--view-line elementor-widget elementor-widget-divider\" data-id=\"921d08b\" data-element_type=\"widget\" data-e-type=\"widget\" data-widget_type=\"divider.default\">\n\t\t\t\t<div class=\"elementor-widget-container\">\n\t\t\t\t\t\t\t<div class=\"elementor-divider\">\n\t\t\t<span class=\"elementor-divider-separator\">\n\t\t\t\t\t\t<\/span>\n\t\t<\/div>\n\t\t\t\t\t\t<\/div>\n\t\t\t\t<\/div>\n\t\t\t\t\t<\/div>\n\t\t<\/div>\n\t\t\t\t\t<\/div>\n\t\t<\/section>\n\t\t\t\t<section class=\"elementor-section elementor-top-section elementor-element elementor-element-283fe9b elementor-section-content-middle elementor-reverse-mobile elementor-section-boxed elementor-section-height-default elementor-section-height-default\" data-id=\"283fe9b\" data-element_type=\"section\" data-e-type=\"section\">\n\t\t\t\t\t\t<div class=\"elementor-container elementor-column-gap-no\">\n\t\t\t\t\t<div class=\"elementor-column elementor-col-50 elementor-top-column elementor-element elementor-element-9c711bc\" data-id=\"9c711bc\" data-element_type=\"column\" data-e-type=\"column\">\n\t\t\t<div class=\"elementor-widget-wrap elementor-element-populated\">\n\t\t\t\t\t\t<div class=\"elementor-element elementor-element-22e3a16f elementor-widget elementor-widget-google_maps\" data-id=\"22e3a16f\" data-element_type=\"widget\" data-e-type=\"widget\" data-widget_type=\"google_maps.default\">\n\t\t\t\t<div class=\"elementor-widget-container\">\n\t\t\t\t\t\t\t<div class=\"elementor-custom-embed\">\n\t\t\t<iframe loading=\"lazy\"\n\t\t\t\t\tsrc=\"https:\/\/maps.google.com\/maps?q=W%C5%82adys%C5%82awa%20Jagie%C5%82%C5%82y%202%2C%20Bia%C5%82ogard&#038;t=m&#038;z=13&#038;output=embed&#038;iwloc=near\"\n\t\t\t\t\ttitle=\"W\u0142adys\u0142awa Jagie\u0142\u0142y 2, Bia\u0142ogard\"\n\t\t\t\t\taria-label=\"W\u0142adys\u0142awa Jagie\u0142\u0142y 2, Bia\u0142ogard\"\n\t\t\t><\/iframe>\n\t\t<\/div>\n\t\t\t\t\t\t<\/div>\n\t\t\t\t<\/div>\n\t\t\t\t\t<\/div>\n\t\t<\/div>\n\t\t\t\t<div class=\"elementor-column elementor-col-50 elementor-top-column elementor-element elementor-element-68ffe84f\" data-id=\"68ffe84f\" data-element_type=\"column\" data-e-type=\"column\">\n\t\t\t<div class=\"elementor-widget-wrap elementor-element-populated\">\n\t\t\t\t\t\t<div class=\"elementor-element elementor-element-3d9edf28 elementor-widget elementor-widget-heading\" data-id=\"3d9edf28\" data-element_type=\"widget\" data-e-type=\"widget\" data-widget_type=\"heading.default\">\n\t\t\t\t<div class=\"elementor-widget-container\">\n\t\t\t\t\t<h4 class=\"elementor-heading-title elementor-size-default\">Skontaktuj si\u0119 z nami<\/h4>\t\t\t\t<\/div>\n\t\t\t\t<\/div>\n\t\t\t\t<section class=\"elementor-section elementor-inner-section elementor-element elementor-element-2b424908 elementor-section-boxed elementor-section-height-default elementor-section-height-default\" data-id=\"2b424908\" data-element_type=\"section\" data-e-type=\"section\">\n\t\t\t\t\t\t<div class=\"elementor-container elementor-column-gap-default\">\n\t\t\t\t\t<div class=\"elementor-column elementor-col-50 elementor-inner-column elementor-element elementor-element-601230ee\" data-id=\"601230ee\" data-element_type=\"column\" data-e-type=\"column\">\n\t\t\t<div class=\"elementor-widget-wrap elementor-element-populated\">\n\t\t\t\t\t\t<div class=\"elementor-element elementor-element-47f9d651 elementor-widget elementor-widget-heading\" data-id=\"47f9d651\" data-element_type=\"widget\" data-e-type=\"widget\" data-widget_type=\"heading.default\">\n\t\t\t\t<div class=\"elementor-widget-container\">\n\t\t\t\t\t<div class=\"elementor-heading-title elementor-size-default\">biuro<\/div>\t\t\t\t<\/div>\n\t\t\t\t<\/div>\n\t\t\t\t<div class=\"elementor-element elementor-element-735dc511 elementor-widget elementor-widget-text-editor\" data-id=\"735dc511\" data-element_type=\"widget\" data-e-type=\"widget\" data-widget_type=\"text-editor.default\">\n\t\t\t\t<div class=\"elementor-widget-container\">\n\t\t\t\t\t\t\t\t\t<p>ul. W\u0142adys\u0142awa Jagie\u0142\u0142y 2\u00a0<br \/>78-200 Bia\u0142ogard<\/p>\t\t\t\t\t\t\t\t<\/div>\n\t\t\t\t<\/div>\n\t\t\t\t\t<\/div>\n\t\t<\/div>\n\t\t\t\t<div class=\"elementor-column elementor-col-50 elementor-inner-column elementor-element elementor-element-2a781d2f\" data-id=\"2a781d2f\" data-element_type=\"column\" data-e-type=\"column\">\n\t\t\t<div class=\"elementor-widget-wrap elementor-element-populated\">\n\t\t\t\t\t\t<div class=\"elementor-element elementor-element-50810750 elementor-widget elementor-widget-heading\" data-id=\"50810750\" data-element_type=\"widget\" data-e-type=\"widget\" data-widget_type=\"heading.default\">\n\t\t\t\t<div class=\"elementor-widget-container\">\n\t\t\t\t\t<div class=\"elementor-heading-title elementor-size-default\">Kontakt<\/div>\t\t\t\t<\/div>\n\t\t\t\t<\/div>\n\t\t\t\t<div class=\"elementor-element elementor-element-2f84587f elementor-widget elementor-widget-text-editor\" data-id=\"2f84587f\" data-element_type=\"widget\" data-e-type=\"widget\" data-widget_type=\"text-editor.default\">\n\t\t\t\t<div class=\"elementor-widget-container\">\n\t\t\t\t\t\t\t\t\t<p>\u00a0+ 48 603 766 587<\/p>\t\t\t\t\t\t\t\t<\/div>\n\t\t\t\t<\/div>\n\t\t\t\t<div class=\"elementor-element elementor-element-15deb21e elementor-widget elementor-widget-text-editor\" data-id=\"15deb21e\" data-element_type=\"widget\" data-e-type=\"widget\" data-widget_type=\"text-editor.default\">\n\t\t\t\t<div class=\"elementor-widget-container\">\n\t\t\t\t\t\t\t\t\t<p>Email : info@mkvplast.pl<\/p>\t\t\t\t\t\t\t\t<\/div>\n\t\t\t\t<\/div>\n\t\t\t\t\t<\/div>\n\t\t<\/div>\n\t\t\t\t\t<\/div>\n\t\t<\/section>\n\t\t\t\t<section class=\"elementor-section elementor-inner-section elementor-element elementor-element-3634ae18 elementor-section-boxed elementor-section-height-default elementor-section-height-default\" data-id=\"3634ae18\" data-element_type=\"section\" data-e-type=\"section\">\n\t\t\t\t\t\t<div class=\"elementor-container elementor-column-gap-default\">\n\t\t\t\t\t<div class=\"elementor-column elementor-col-50 elementor-inner-column elementor-element elementor-element-2a7cd5da\" data-id=\"2a7cd5da\" data-element_type=\"column\" data-e-type=\"column\">\n\t\t\t<div class=\"elementor-widget-wrap elementor-element-populated\">\n\t\t\t\t\t\t<div class=\"elementor-element elementor-element-3f04cf72 elementor-widget elementor-widget-heading\" data-id=\"3f04cf72\" data-element_type=\"widget\" data-e-type=\"widget\" data-widget_type=\"heading.default\">\n\t\t\t\t<div class=\"elementor-widget-container\">\n\t\t\t\t\t<div class=\"elementor-heading-title elementor-size-default\">Godziny otwarcia<\/div>\t\t\t\t<\/div>\n\t\t\t\t<\/div>\n\t\t\t\t<div class=\"elementor-element elementor-element-61026206 elementor-widget elementor-widget-text-editor\" data-id=\"61026206\" data-element_type=\"widget\" data-e-type=\"widget\" data-widget_type=\"text-editor.default\">\n\t\t\t\t<div class=\"elementor-widget-container\">\n\t\t\t\t\t\t\t\t\t<p>PON. &#8211; PT. 08:00 &#8211; 18:00<\/p>\t\t\t\t\t\t\t\t<\/div>\n\t\t\t\t<\/div>\n\t\t\t\t\t<\/div>\n\t\t<\/div>\n\t\t\t\t<div class=\"elementor-column elementor-col-50 elementor-inner-column elementor-element elementor-element-43e25dec\" data-id=\"43e25dec\" data-element_type=\"column\" data-e-type=\"column\">\n\t\t\t<div class=\"elementor-widget-wrap\">\n\t\t\t\t\t\t\t<\/div>\n\t\t<\/div>\n\t\t\t\t\t<\/div>\n\t\t<\/section>\n\t\t\t\t\t<\/div>\n\t\t<\/div>\n\t\t\t\t\t<\/div>\n\t\t<\/section>\n\t\t\t\t<\/div>\n\t\t","protected":false},"excerpt":{"rendered":"<p>MKVplast powsta\u0142a w Bia\u0142ogardzie w wojew\u00f3dztwie zachodniopomorskim. Od pocz\u0105tku naszej dzia\u0142alno\u015bci cechuje nas wysoka jako\u015b\u0107 \u015bwiadczonych us\u0142ug oraz budowanie sta\u0142ych relacji z kontrahentami. G\u0142\u00f3wnym przedmiotem dzia\u0142alno\u015bci firmy jest handel u\u017cywanymi wtryskarkami firm Arburg, Demag, Engel, Battenfeld, Klockner Ferromatic i Krauss Maffei. Wszystkie maszyny kupujemy w Europie Zachodniej, nast\u0119pnie s\u0105 one [&hellip;]<\/p>\n","protected":false},"author":1,"featured_media":0,"parent":0,"menu_order":0,"comment_status":"closed","ping_status":"closed","template":"","meta":{"footnotes":""},"class_list":["post-24","page","type-page","status-publish","hentry"],"_links":{"self":[{"href":"https:\/\/mkvplast.pl\/index.php\/wp-json\/wp\/v2\/pages\/24","targetHints":{"allow":["GET"]}}],"collection":[{"href":"https:\/\/mkvplast.pl\/index.php\/wp-json\/wp\/v2\/pages"}],"about":[{"href":"https:\/\/mkvplast.pl\/index.php\/wp-json\/wp\/v2\/types\/page"}],"author":[{"embeddable":true,"href":"https:\/\/mkvplast.pl\/index.php\/wp-json\/wp\/v2\/users\/1"}],"replies":[{"embeddable":true,"href":"https:\/\/mkvplast.pl\/index.php\/wp-json\/wp\/v2\/comments?post=24"}],"version-history":[{"count":37,"href":"https:\/\/mkvplast.pl\/index.php\/wp-json\/wp\/v2\/pages\/24\/revisions"}],"predecessor-version":[{"id":1506,"href":"https:\/\/mkvplast.pl\/index.php\/wp-json\/wp\/v2\/pages\/24\/revisions\/1506"}],"wp:attachment":[{"href":"https:\/\/mkvplast.pl\/index.php\/wp-json\/wp\/v2\/media?parent=24"}],"curies":[{"name":"wp","href":"https:\/\/api.w.org\/{rel}","templated":true}]}}